{"id":128,"date":"2024-09-17T23:30:40","date_gmt":"2024-09-17T20:30:40","guid":{"rendered":"https:\/\/drahmetkaplan.com\/tr\/?page_id=128"},"modified":"2026-04-10T11:40:23","modified_gmt":"2026-04-10T08:40:23","slug":"hakkimizda","status":"publish","type":"page","link":"https:\/\/drahmetkaplan.com\/tr\/hakkimizda\/","title":{"rendered":"Hakk\u0131m\u0131zda"},"content":{"rendered":"\t\t<div data-elementor-type=\"wp-page\" data-elementor-id=\"128\" class=\"elementor elementor-128\" data-elementor-post-type=\"page\">\n\t\t\t\t<div class=\"elementor-element elementor-element-016f6c8 e-con-full e-flex e-con e-parent\" data-id=\"016f6c8\" data-element_type=\"container\" data-e-type=\"container\">\n\t\t\t\t<div class=\"elementor-element elementor-element-d024174 elementor-widget elementor-widget-image\" data-id=\"d024174\" data-element_type=\"widget\" data-e-type=\"widget\" data-widget_type=\"image.default\">\n\t\t\t\t<div class=\"elementor-widget-container\">\n\t\t\t\t\t\t\t\t\t\t\t\t\t\t\t<img fetchpriority=\"high\" decoding=\"async\" width=\"2560\" height=\"964\" src=\"https:\/\/drahmetkaplan.com\/tr\/wp-content\/uploads\/2024\/09\/ahmet-kaplan-slider-1-scaled-e1722335193745.png\" class=\"attachment-full size-full wp-image-26\" alt=\"Op. Dr. Ahmet Kaplan - Plastik Cerrah\" srcset=\"https:\/\/drahmetkaplan.com\/tr\/wp-content\/uploads\/2024\/09\/ahmet-kaplan-slider-1-scaled-e1722335193745.png 2560w, https:\/\/drahmetkaplan.com\/tr\/wp-content\/uploads\/2024\/09\/ahmet-kaplan-slider-1-scaled-e1722335193745-300x113.png 300w, https:\/\/drahmetkaplan.com\/tr\/wp-content\/uploads\/2024\/09\/ahmet-kaplan-slider-1-scaled-e1722335193745-1024x386.png 1024w, https:\/\/drahmetkaplan.com\/tr\/wp-content\/uploads\/2024\/09\/ahmet-kaplan-slider-1-scaled-e1722335193745-768x289.png 768w, https:\/\/drahmetkaplan.com\/tr\/wp-content\/uploads\/2024\/09\/ahmet-kaplan-slider-1-scaled-e1722335193745-1536x578.png 1536w, https:\/\/drahmetkaplan.com\/tr\/wp-content\/uploads\/2024\/09\/ahmet-kaplan-slider-1-scaled-e1722335193745-2048x771.png 2048w\" sizes=\"(max-width: 2560px) 100vw, 2560px\" \/>\t\t\t\t\t\t\t\t\t\t\t\t\t\t\t<\/div>\n\t\t\t\t<\/div>\n\t\t<div class=\"elementor-element elementor-element-6a25e91 e-grid e-con-boxed e-con e-child\" data-id=\"6a25e91\" data-element_type=\"container\" data-e-type=\"container\">\n\t\t\t\t\t<div class=\"e-con-inner\">\n\t\t<div class=\"elementor-element elementor-element-79351da e-con-full e-flex e-con e-child\" data-id=\"79351da\" data-element_type=\"container\" data-e-type=\"container\">\n\t\t\t\t<div class=\"elementor-element elementor-element-ec1987f elementor-widget elementor-widget-heading\" data-id=\"ec1987f\" data-element_type=\"widget\" data-e-type=\"widget\" data-widget_type=\"heading.default\">\n\t\t\t\t<div class=\"elementor-widget-container\">\n\t\t\t\t\t<h1 class=\"elementor-heading-title elementor-size-default\"><strong>Dr. Ahmet Kaplan<\/strong>'\u0131n Ba\u015far\u0131lar\u0131<\/h1>\t\t\t\t<\/div>\n\t\t\t\t<\/div>\n\t\t\t\t<div class=\"elementor-element elementor-element-3514594 elementor-widget elementor-widget-text-editor\" data-id=\"3514594\" data-element_type=\"widget\" data-e-type=\"widget\" data-widget_type=\"text-editor.default\">\n\t\t\t\t<div class=\"elementor-widget-container\">\n\t\t\t\t\t\t\t\t\t<p><img decoding=\"async\" class=\"wp-image-568 alignleft\" src=\"https:\/\/drahmetkaplan.com\/tr\/wp-content\/uploads\/2024\/10\/02cc9afd-7fe7-4ada-a99e-29a9e9234535.png\" alt=\"The International Society of Aesthetic Plastic Surgery (ISAPS)\" width=\"192\" height=\"71\" srcset=\"https:\/\/drahmetkaplan.com\/tr\/wp-content\/uploads\/2024\/10\/02cc9afd-7fe7-4ada-a99e-29a9e9234535.png 1173w, https:\/\/drahmetkaplan.com\/tr\/wp-content\/uploads\/2024\/10\/02cc9afd-7fe7-4ada-a99e-29a9e9234535-300x112.png 300w, https:\/\/drahmetkaplan.com\/tr\/wp-content\/uploads\/2024\/10\/02cc9afd-7fe7-4ada-a99e-29a9e9234535-1024x381.png 1024w, https:\/\/drahmetkaplan.com\/tr\/wp-content\/uploads\/2024\/10\/02cc9afd-7fe7-4ada-a99e-29a9e9234535-768x285.png 768w\" sizes=\"(max-width: 192px) 100vw, 192px\" \/>2020 y\u0131l\u0131nda Plastik Cerrahi Uzmanl\u0131k Unvan\u0131n\u0131 kazand\u0131. 2022&#8217;de, Avrupa Plastik, Rekonstr\u00fcktif ve Estetik Cerrahi Board s\u0131nav\u0131n\u0131n son a\u015famas\u0131n\u0131 ge\u00e7erek, kendisine sayg\u0131n EBOPRAS unvan\u0131n\u0131 kazand\u0131ran \u00f6nemli bir ba\u015far\u0131ya imza att\u0131.<\/p><p>\u015eu anda \u0130stanbul&#8217;da faaliyet g\u00f6steren Dr. Kaplan, geni\u015f bilgi birikimi ve pratik deneyimini, hastalar\u0131na ola\u011fan\u00fcst\u00fc bir bak\u0131m sunmak i\u00e7in kullanmaktad\u0131r. Onun yakla\u015f\u0131m\u0131, bireysel tercihlere derin bir anlay\u0131\u015f ve hastalar\u0131n tedavi s\u00fcre\u00e7lerinde rahat hissetmelerini sa\u011flamaya y\u00f6nelik bir taahh\u00fctle tan\u0131mlan\u0131r.<\/p>\t\t\t\t\t\t\t\t<\/div>\n\t\t\t\t<\/div>\n\t\t\t\t<\/div>\n\t\t\t\t<div class=\"elementor-element elementor-element-5c81c70 elementor-widget elementor-widget-image\" data-id=\"5c81c70\" data-element_type=\"widget\" data-e-type=\"widget\" data-widget_type=\"image.default\">\n\t\t\t\t<div class=\"elementor-widget-container\">\n\t\t\t\t\t\t\t\t\t\t\t\t\t\t\t<img decoding=\"async\" width=\"500\" height=\"160\" src=\"https:\/\/drahmetkaplan.com\/tr\/wp-content\/uploads\/2024\/09\/brand-ebopras-blue.webp\" class=\"attachment-large size-large wp-image-132\" alt=\"turkish society of aesthetic plastic surgery\" srcset=\"https:\/\/drahmetkaplan.com\/tr\/wp-content\/uploads\/2024\/09\/brand-ebopras-blue.webp 500w, https:\/\/drahmetkaplan.com\/tr\/wp-content\/uploads\/2024\/09\/brand-ebopras-blue-300x96.webp 300w\" sizes=\"(max-width: 500px) 100vw, 500px\" \/>\t\t\t\t\t\t\t\t\t\t\t\t\t\t\t<\/div>\n\t\t\t\t<\/div>\n\t\t\t\t\t<\/div>\n\t\t\t\t<\/div>\n\t\t<div class=\"elementor-element elementor-element-d16ed49 e-grid e-con-boxed e-con e-child\" data-id=\"d16ed49\" data-element_type=\"container\" data-e-type=\"container\">\n\t\t\t\t\t<div class=\"e-con-inner\">\n\t\t\t\t<div class=\"elementor-element elementor-element-aadbc97 elementor-widget elementor-widget-image\" data-id=\"aadbc97\" data-element_type=\"widget\" data-e-type=\"widget\" data-widget_type=\"image.default\">\n\t\t\t\t<div class=\"elementor-widget-container\">\n\t\t\t\t\t\t\t\t\t\t\t\t\t\t\t<img loading=\"lazy\" decoding=\"async\" width=\"500\" height=\"184\" src=\"https:\/\/drahmetkaplan.com\/tr\/wp-content\/uploads\/2024\/09\/brand-moc-blue.webp\" class=\"attachment-large size-large wp-image-133\" alt=\"\" srcset=\"https:\/\/drahmetkaplan.com\/tr\/wp-content\/uploads\/2024\/09\/brand-moc-blue.webp 500w, https:\/\/drahmetkaplan.com\/tr\/wp-content\/uploads\/2024\/09\/brand-moc-blue-300x110.webp 300w\" sizes=\"(max-width: 500px) 100vw, 500px\" \/>\t\t\t\t\t\t\t\t\t\t\t\t\t\t\t<\/div>\n\t\t\t\t<\/div>\n\t\t<div class=\"elementor-element elementor-element-340f969 e-con-full e-flex e-con e-child\" data-id=\"340f969\" data-element_type=\"container\" data-e-type=\"container\">\n\t\t\t\t<div class=\"elementor-element elementor-element-0d93692 elementor-widget elementor-widget-heading\" data-id=\"0d93692\" data-element_type=\"widget\" data-e-type=\"widget\" data-widget_type=\"heading.default\">\n\t\t\t\t<div class=\"elementor-widget-container\">\n\t\t\t\t\t<h2 class=\"elementor-heading-title elementor-size-default\">\u00d6zge\u00e7mi\u015f<\/h2>\t\t\t\t<\/div>\n\t\t\t\t<\/div>\n\t\t\t\t<div class=\"elementor-element elementor-element-1a6b5c4 elementor-widget elementor-widget-text-editor\" data-id=\"1a6b5c4\" data-element_type=\"widget\" data-e-type=\"widget\" data-widget_type=\"text-editor.default\">\n\t\t\t\t<div class=\"elementor-widget-container\">\n\t\t\t\t\t\t\t\t\t<p>Dr. Ahmet Kaplan, estetik i\u015flemler konusundaki uzmanl\u0131\u011f\u0131yla tan\u0131nan, kendini i\u015fine adam\u0131\u015f bir Plastik Cerrahi Uzman\u0131d\u0131r, \u00f6zellikle y\u00fcz ve v\u00fccut esteti\u011fi alan\u0131nda \u00f6ne \u00e7\u0131kmaktad\u0131r. Bu alandaki tutkusuyla, 2008 y\u0131l\u0131nda Ankara Fen Lisesi&#8217;nden mezun olduktan sonra, akademik yolculu\u011funu Hacettepe \u00dcniversitesi T\u0131p Fak\u00fcltesi&#8217;nde s\u00fcrd\u00fcrm\u00fc\u015f ve 2014 y\u0131l\u0131nda diplomas\u0131n\u0131 alm\u0131\u015ft\u0131r.<\/p>\t\t\t\t\t\t\t\t<\/div>\n\t\t\t\t<\/div>\n\t\t\t\t<\/div>\n\t\t\t\t\t<\/div>\n\t\t\t\t<\/div>\n\t\t\t\t<\/div>\n\t\t<div class=\"elementor-element elementor-element-d78585d e-flex e-con-boxed e-con e-parent\" data-id=\"d78585d\" data-element_type=\"container\" data-e-type=\"container\">\n\t\t\t\t\t<div class=\"e-con-inner\">\n\t\t\t\t<div class=\"elementor-element elementor-element-b4fb973 elementor-widget elementor-widget-text-editor\" data-id=\"b4fb973\" data-element_type=\"widget\" data-e-type=\"widget\" data-widget_type=\"text-editor.default\">\n\t\t\t\t<div class=\"elementor-widget-container\">\n\t\t\t\t\t\t\t\t\t<p>Aile hayat\u0131na da b\u00fcy\u00fck \u00f6nem veren Dr. Kaplan, evli ve iki \u00e7ocuk babas\u0131d\u0131r. Ailesi, onun en b\u00fcy\u00fck destek kayna\u011f\u0131d\u0131r ve profesyonel ya\u015fam\u0131ndaki ba\u015far\u0131lar\u0131n\u0131n temelinde, aile de\u011ferlerine verdi\u011fi \u00f6nem yatar. Ekibi de onun ailesinin bir par\u00e7as\u0131d\u0131r ve birlikte \u00e7al\u0131\u015farak, hastalar\u0131na en y\u00fcksek kalitede bak\u0131m sunmay\u0131 hedeflerler. Dr. Kaplan, hem ki\u015fisel hem de mesleki ya\u015fam\u0131nda b\u00fct\u00fcnsel bir yakla\u015f\u0131m benimseyerek, \u00e7evresindekilerin iyili\u011fi ve memnuniyeti i\u00e7in s\u00fcrekli olarak \u00e7aba g\u00f6stermektedir.<\/p>\t\t\t\t\t\t\t\t<\/div>\n\t\t\t\t<\/div>\n\t\t\t\t<div class=\"elementor-element elementor-element-06e9bd1 elementor-widget elementor-widget-image\" data-id=\"06e9bd1\" data-element_type=\"widget\" data-e-type=\"widget\" data-widget_type=\"image.default\">\n\t\t\t\t<div class=\"elementor-widget-container\">\n\t\t\t\t\t\t\t\t\t\t\t\t\t\t\t<img loading=\"lazy\" decoding=\"async\" width=\"2560\" height=\"1440\" src=\"https:\/\/drahmetkaplan.com\/tr\/wp-content\/uploads\/2024\/09\/about-secondary-scaled-1.webp\" class=\"attachment-full size-full wp-image-134\" alt=\"\" srcset=\"https:\/\/drahmetkaplan.com\/tr\/wp-content\/uploads\/2024\/09\/about-secondary-scaled-1.webp 2560w, https:\/\/drahmetkaplan.com\/tr\/wp-content\/uploads\/2024\/09\/about-secondary-scaled-1-300x169.webp 300w, https:\/\/drahmetkaplan.com\/tr\/wp-content\/uploads\/2024\/09\/about-secondary-scaled-1-1024x576.webp 1024w, https:\/\/drahmetkaplan.com\/tr\/wp-content\/uploads\/2024\/09\/about-secondary-scaled-1-768x432.webp 768w, https:\/\/drahmetkaplan.com\/tr\/wp-content\/uploads\/2024\/09\/about-secondary-scaled-1-1536x864.webp 1536w, https:\/\/drahmetkaplan.com\/tr\/wp-content\/uploads\/2024\/09\/about-secondary-scaled-1-2048x1152.webp 2048w\" sizes=\"(max-width: 2560px) 100vw, 2560px\" \/>\t\t\t\t\t\t\t\t\t\t\t\t\t\t\t<\/div>\n\t\t\t\t<\/div>\n\t\t\t\t<div class=\"elementor-element elementor-element-ff5288a elementor-widget elementor-widget-image\" data-id=\"ff5288a\" data-element_type=\"widget\" data-e-type=\"widget\" data-widget_type=\"image.default\">\n\t\t\t\t<div class=\"elementor-widget-container\">\n\t\t\t\t\t\t\t\t\t\t\t\t\t\t\t<img loading=\"lazy\" decoding=\"async\" width=\"2560\" height=\"1867\" src=\"https:\/\/drahmetkaplan.com\/tr\/wp-content\/uploads\/2026\/04\/health-tourism-scaled.png\" class=\"attachment-full size-full wp-image-1278\" alt=\"\" srcset=\"https:\/\/drahmetkaplan.com\/tr\/wp-content\/uploads\/2026\/04\/health-tourism-scaled.png 2560w, https:\/\/drahmetkaplan.com\/tr\/wp-content\/uploads\/2026\/04\/health-tourism-300x219.png 300w, https:\/\/drahmetkaplan.com\/tr\/wp-content\/uploads\/2026\/04\/health-tourism-1024x747.png 1024w, https:\/\/drahmetkaplan.com\/tr\/wp-content\/uploads\/2026\/04\/health-tourism-768x560.png 768w, https:\/\/drahmetkaplan.com\/tr\/wp-content\/uploads\/2026\/04\/health-tourism-1536x1120.png 1536w, https:\/\/drahmetkaplan.com\/tr\/wp-content\/uploads\/2026\/04\/health-tourism-2048x1494.png 2048w\" sizes=\"(max-width: 2560px) 100vw, 2560px\" \/>\t\t\t\t\t\t\t\t\t\t\t\t\t\t\t<\/div>\n\t\t\t\t<\/div>\n\t\t\t\t\t<\/div>\n\t\t\t\t<\/div>\n\t\t\t\t<\/div>\n\t\t","protected":false},"excerpt":{"rendered":"<p>Dr. Ahmet Kaplan&#8216;\u0131n Ba\u015far\u0131lar\u0131 2020 y\u0131l\u0131nda Plastik Cerrahi Uzmanl\u0131k Unvan\u0131n\u0131 kazand\u0131. 2022&#8217;de, Avrupa Plastik, Rekonstr\u00fcktif ve Estetik Cerrahi Board s\u0131nav\u0131n\u0131n son a\u015famas\u0131n\u0131 ge\u00e7erek, kendisine sayg\u0131n EBOPRAS unvan\u0131n\u0131 kazand\u0131ran \u00f6nemli bir ba\u015far\u0131ya imza att\u0131. \u015eu anda \u0130stanbul&#8217;da faaliyet g\u00f6steren Dr. Kaplan, geni\u015f bilgi birikimi ve pratik deneyimini, hastalar\u0131na ola\u011fan\u00fcst\u00fc bir bak\u0131m sunmak i\u00e7in kullanmaktad\u0131r. Onun yakla\u015f\u0131m\u0131, [&hellip;]<\/p>\n","protected":false},"author":1,"featured_media":0,"parent":0,"menu_order":0,"comment_status":"closed","ping_status":"closed","template":"","meta":{"footnotes":""},"class_list":["post-128","page","type-page","status-publish","hentry"],"yoast_head":"<!-- This site is optimized with the Yoast SEO plugin v27.6 - https:\/\/yoast.com\/product\/yoast-seo-wordpress\/ -->\n<title>Hakk\u0131m\u0131zda - Dr. Ahmet Kaplan<\/title>\n<meta name=\"robots\" content=\"index, follow, max-snippet:-1, max-image-preview:large, max-video-preview:-1\" \/>\n<link rel=\"canonical\" href=\"https:\/\/drahmetkaplan.com\/tr\/hakkimizda\/\" \/>\n<meta property=\"og:locale\" content=\"tr_TR\" \/>\n<meta property=\"og:type\" content=\"article\" \/>\n<meta property=\"og:title\" content=\"Hakk\u0131m\u0131zda - Dr. Ahmet Kaplan\" \/>\n<meta property=\"og:description\" content=\"Dr. Ahmet Kaplan&#8216;\u0131n Ba\u015far\u0131lar\u0131 2020 y\u0131l\u0131nda Plastik Cerrahi Uzmanl\u0131k Unvan\u0131n\u0131 kazand\u0131. 2022&#8217;de, Avrupa Plastik, Rekonstr\u00fcktif ve Estetik Cerrahi Board s\u0131nav\u0131n\u0131n son a\u015famas\u0131n\u0131 ge\u00e7erek, kendisine sayg\u0131n EBOPRAS unvan\u0131n\u0131 kazand\u0131ran \u00f6nemli bir ba\u015far\u0131ya imza att\u0131. \u015eu anda \u0130stanbul&#8217;da faaliyet g\u00f6steren Dr. Kaplan, geni\u015f bilgi birikimi ve pratik deneyimini, hastalar\u0131na ola\u011fan\u00fcst\u00fc bir bak\u0131m sunmak i\u00e7in kullanmaktad\u0131r. Onun yakla\u015f\u0131m\u0131, [&hellip;]\" \/>\n<meta property=\"og:url\" content=\"https:\/\/drahmetkaplan.com\/tr\/hakkimizda\/\" \/>\n<meta property=\"og:site_name\" content=\"Dr. Ahmet Kaplan\" \/>\n<meta property=\"article:modified_time\" content=\"2026-04-10T08:40:23+00:00\" \/>\n<meta property=\"og:image\" content=\"https:\/\/drahmetkaplan.com\/tr\/wp-content\/uploads\/2024\/09\/ahmet-kaplan-slider-1-scaled-e1722335193745.png\" \/>\n\t<meta property=\"og:image:width\" content=\"2560\" \/>\n\t<meta property=\"og:image:height\" content=\"964\" \/>\n\t<meta property=\"og:image:type\" content=\"image\/png\" \/>\n<meta name=\"twitter:card\" content=\"summary_large_image\" \/>\n<meta name=\"twitter:label1\" content=\"Tahmini okuma s\u00fcresi\" \/>\n\t<meta name=\"twitter:data1\" content=\"3 dakika\" \/>\n<script type=\"application\/ld+json\" class=\"yoast-schema-graph\">{\"@context\":\"https:\\\/\\\/schema.org\",\"@graph\":[{\"@type\":\"WebPage\",\"@id\":\"https:\\\/\\\/drahmetkaplan.com\\\/tr\\\/hakkimizda\\\/\",\"url\":\"https:\\\/\\\/drahmetkaplan.com\\\/tr\\\/hakkimizda\\\/\",\"name\":\"Hakk\u0131m\u0131zda - Dr. Ahmet Kaplan\",\"isPartOf\":{\"@id\":\"https:\\\/\\\/drahmetkaplan.com\\\/tr\\\/#website\"},\"primaryImageOfPage\":{\"@id\":\"https:\\\/\\\/drahmetkaplan.com\\\/tr\\\/hakkimizda\\\/#primaryimage\"},\"image\":{\"@id\":\"https:\\\/\\\/drahmetkaplan.com\\\/tr\\\/hakkimizda\\\/#primaryimage\"},\"thumbnailUrl\":\"https:\\\/\\\/drahmetkaplan.com\\\/tr\\\/wp-content\\\/uploads\\\/2024\\\/09\\\/ahmet-kaplan-slider-1-scaled-e1722335193745.png\",\"datePublished\":\"2024-09-17T20:30:40+00:00\",\"dateModified\":\"2026-04-10T08:40:23+00:00\",\"breadcrumb\":{\"@id\":\"https:\\\/\\\/drahmetkaplan.com\\\/tr\\\/hakkimizda\\\/#breadcrumb\"},\"inLanguage\":\"tr\",\"potentialAction\":[{\"@type\":\"ReadAction\",\"target\":[\"https:\\\/\\\/drahmetkaplan.com\\\/tr\\\/hakkimizda\\\/\"]}]},{\"@type\":\"ImageObject\",\"inLanguage\":\"tr\",\"@id\":\"https:\\\/\\\/drahmetkaplan.com\\\/tr\\\/hakkimizda\\\/#primaryimage\",\"url\":\"https:\\\/\\\/drahmetkaplan.com\\\/tr\\\/wp-content\\\/uploads\\\/2024\\\/09\\\/ahmet-kaplan-slider-1-scaled-e1722335193745.png\",\"contentUrl\":\"https:\\\/\\\/drahmetkaplan.com\\\/tr\\\/wp-content\\\/uploads\\\/2024\\\/09\\\/ahmet-kaplan-slider-1-scaled-e1722335193745.png\",\"width\":2560,\"height\":964,\"caption\":\"Op. Dr. Ahmet Kaplan - Plastik Cerrah\"},{\"@type\":\"BreadcrumbList\",\"@id\":\"https:\\\/\\\/drahmetkaplan.com\\\/tr\\\/hakkimizda\\\/#breadcrumb\",\"itemListElement\":[{\"@type\":\"ListItem\",\"position\":1,\"name\":\"Anasayfa\",\"item\":\"https:\\\/\\\/drahmetkaplan.com\\\/tr\\\/\"},{\"@type\":\"ListItem\",\"position\":2,\"name\":\"Hakk\u0131m\u0131zda\"}]},{\"@type\":\"WebSite\",\"@id\":\"https:\\\/\\\/drahmetkaplan.com\\\/tr\\\/#website\",\"url\":\"https:\\\/\\\/drahmetkaplan.com\\\/tr\\\/\",\"name\":\"Op. Dr. Ahmet Kaplan - Plastik, Rekonstr\u00fcktif ve Estetik Cerrahi\",\"description\":\"Plastik, Rekonstr\u00fcktif ve Estetik Cerrahi\",\"publisher\":{\"@id\":\"https:\\\/\\\/drahmetkaplan.com\\\/tr\\\/#\\\/schema\\\/person\\\/aa068fb9b848986175819f98093f787d\"},\"potentialAction\":[{\"@type\":\"SearchAction\",\"target\":{\"@type\":\"EntryPoint\",\"urlTemplate\":\"https:\\\/\\\/drahmetkaplan.com\\\/tr\\\/?s={search_term_string}\"},\"query-input\":{\"@type\":\"PropertyValueSpecification\",\"valueRequired\":true,\"valueName\":\"search_term_string\"}}],\"inLanguage\":\"tr\"},{\"@type\":[\"Person\",\"Organization\"],\"@id\":\"https:\\\/\\\/drahmetkaplan.com\\\/tr\\\/#\\\/schema\\\/person\\\/aa068fb9b848986175819f98093f787d\",\"name\":\"Dr. Ahmet Kaplan\",\"image\":{\"@type\":\"ImageObject\",\"inLanguage\":\"tr\",\"@id\":\"https:\\\/\\\/drahmetkaplan.com\\\/tr\\\/wp-content\\\/uploads\\\/2024\\\/11\\\/channels4_profile.jpg\",\"url\":\"https:\\\/\\\/drahmetkaplan.com\\\/tr\\\/wp-content\\\/uploads\\\/2024\\\/11\\\/channels4_profile.jpg\",\"contentUrl\":\"https:\\\/\\\/drahmetkaplan.com\\\/tr\\\/wp-content\\\/uploads\\\/2024\\\/11\\\/channels4_profile.jpg\",\"width\":600,\"height\":600,\"caption\":\"Dr. Ahmet Kaplan\"},\"logo\":{\"@id\":\"https:\\\/\\\/drahmetkaplan.com\\\/tr\\\/wp-content\\\/uploads\\\/2024\\\/11\\\/channels4_profile.jpg\"},\"description\":\"Attainment of his Plastic Surgery Specialist Title in 2020. In 2022, he achieved a significant milestone by passing the final stage of the European Board of Plastic, Reconstructive, and Aesthetic Surgery exam, earning him the esteemed title of EBOPRAS. Currently based in Istanbul, Dr. Kaplan leverages his extensive knowledge and hands-on experience to provide exceptional care to his patients. His approach is characterized by a deep understanding of individual preferences and a commitment to ensuring patients feel at ease throughout their treatment journey. History Dr. Ahmet Kaplan is a dedicated Plastic Surgeon Specialist known for his expertise in cosmetic procedures, particularly in facial and body aesthetics. His passion for this field led him to pursue higher education at Ankara Science High School, where he graduated in 2008. He furthered his academic journey at Hacettepe University Faculty of Medicine, earning his degree in 2014.\",\"sameAs\":[\"https:\\\/\\\/www.drahmetkaplan.com\\\/tr\\\/\"]}]}<\/script>\n<!-- \/ Yoast SEO plugin. -->","yoast_head_json":{"title":"Hakk\u0131m\u0131zda - Dr. Ahmet Kaplan","robots":{"index":"index","follow":"follow","max-snippet":"max-snippet:-1","max-image-preview":"max-image-preview:large","max-video-preview":"max-video-preview:-1"},"canonical":"https:\/\/drahmetkaplan.com\/tr\/hakkimizda\/","og_locale":"tr_TR","og_type":"article","og_title":"Hakk\u0131m\u0131zda - Dr. Ahmet Kaplan","og_description":"Dr. Ahmet Kaplan&#8216;\u0131n Ba\u015far\u0131lar\u0131 2020 y\u0131l\u0131nda Plastik Cerrahi Uzmanl\u0131k Unvan\u0131n\u0131 kazand\u0131. 2022&#8217;de, Avrupa Plastik, Rekonstr\u00fcktif ve Estetik Cerrahi Board s\u0131nav\u0131n\u0131n son a\u015famas\u0131n\u0131 ge\u00e7erek, kendisine sayg\u0131n EBOPRAS unvan\u0131n\u0131 kazand\u0131ran \u00f6nemli bir ba\u015far\u0131ya imza att\u0131. \u015eu anda \u0130stanbul&#8217;da faaliyet g\u00f6steren Dr. Kaplan, geni\u015f bilgi birikimi ve pratik deneyimini, hastalar\u0131na ola\u011fan\u00fcst\u00fc bir bak\u0131m sunmak i\u00e7in kullanmaktad\u0131r. Onun yakla\u015f\u0131m\u0131, [&hellip;]","og_url":"https:\/\/drahmetkaplan.com\/tr\/hakkimizda\/","og_site_name":"Dr. Ahmet Kaplan","article_modified_time":"2026-04-10T08:40:23+00:00","og_image":[{"width":2560,"height":964,"url":"https:\/\/drahmetkaplan.com\/tr\/wp-content\/uploads\/2024\/09\/ahmet-kaplan-slider-1-scaled-e1722335193745.png","type":"image\/png"}],"twitter_card":"summary_large_image","twitter_misc":{"Tahmini okuma s\u00fcresi":"3 dakika"},"schema":{"@context":"https:\/\/schema.org","@graph":[{"@type":"WebPage","@id":"https:\/\/drahmetkaplan.com\/tr\/hakkimizda\/","url":"https:\/\/drahmetkaplan.com\/tr\/hakkimizda\/","name":"Hakk\u0131m\u0131zda - Dr. Ahmet Kaplan","isPartOf":{"@id":"https:\/\/drahmetkaplan.com\/tr\/#website"},"primaryImageOfPage":{"@id":"https:\/\/drahmetkaplan.com\/tr\/hakkimizda\/#primaryimage"},"image":{"@id":"https:\/\/drahmetkaplan.com\/tr\/hakkimizda\/#primaryimage"},"thumbnailUrl":"https:\/\/drahmetkaplan.com\/tr\/wp-content\/uploads\/2024\/09\/ahmet-kaplan-slider-1-scaled-e1722335193745.png","datePublished":"2024-09-17T20:30:40+00:00","dateModified":"2026-04-10T08:40:23+00:00","breadcrumb":{"@id":"https:\/\/drahmetkaplan.com\/tr\/hakkimizda\/#breadcrumb"},"inLanguage":"tr","potentialAction":[{"@type":"ReadAction","target":["https:\/\/drahmetkaplan.com\/tr\/hakkimizda\/"]}]},{"@type":"ImageObject","inLanguage":"tr","@id":"https:\/\/drahmetkaplan.com\/tr\/hakkimizda\/#primaryimage","url":"https:\/\/drahmetkaplan.com\/tr\/wp-content\/uploads\/2024\/09\/ahmet-kaplan-slider-1-scaled-e1722335193745.png","contentUrl":"https:\/\/drahmetkaplan.com\/tr\/wp-content\/uploads\/2024\/09\/ahmet-kaplan-slider-1-scaled-e1722335193745.png","width":2560,"height":964,"caption":"Op. Dr. Ahmet Kaplan - Plastik Cerrah"},{"@type":"BreadcrumbList","@id":"https:\/\/drahmetkaplan.com\/tr\/hakkimizda\/#breadcrumb","itemListElement":[{"@type":"ListItem","position":1,"name":"Anasayfa","item":"https:\/\/drahmetkaplan.com\/tr\/"},{"@type":"ListItem","position":2,"name":"Hakk\u0131m\u0131zda"}]},{"@type":"WebSite","@id":"https:\/\/drahmetkaplan.com\/tr\/#website","url":"https:\/\/drahmetkaplan.com\/tr\/","name":"Op. Dr. Ahmet Kaplan - Plastik, Rekonstr\u00fcktif ve Estetik Cerrahi","description":"Plastik, Rekonstr\u00fcktif ve Estetik Cerrahi","publisher":{"@id":"https:\/\/drahmetkaplan.com\/tr\/#\/schema\/person\/aa068fb9b848986175819f98093f787d"},"potentialAction":[{"@type":"SearchAction","target":{"@type":"EntryPoint","urlTemplate":"https:\/\/drahmetkaplan.com\/tr\/?s={search_term_string}"},"query-input":{"@type":"PropertyValueSpecification","valueRequired":true,"valueName":"search_term_string"}}],"inLanguage":"tr"},{"@type":["Person","Organization"],"@id":"https:\/\/drahmetkaplan.com\/tr\/#\/schema\/person\/aa068fb9b848986175819f98093f787d","name":"Dr. Ahmet Kaplan","image":{"@type":"ImageObject","inLanguage":"tr","@id":"https:\/\/drahmetkaplan.com\/tr\/wp-content\/uploads\/2024\/11\/channels4_profile.jpg","url":"https:\/\/drahmetkaplan.com\/tr\/wp-content\/uploads\/2024\/11\/channels4_profile.jpg","contentUrl":"https:\/\/drahmetkaplan.com\/tr\/wp-content\/uploads\/2024\/11\/channels4_profile.jpg","width":600,"height":600,"caption":"Dr. Ahmet Kaplan"},"logo":{"@id":"https:\/\/drahmetkaplan.com\/tr\/wp-content\/uploads\/2024\/11\/channels4_profile.jpg"},"description":"Attainment of his Plastic Surgery Specialist Title in 2020. In 2022, he achieved a significant milestone by passing the final stage of the European Board of Plastic, Reconstructive, and Aesthetic Surgery exam, earning him the esteemed title of EBOPRAS. Currently based in Istanbul, Dr. Kaplan leverages his extensive knowledge and hands-on experience to provide exceptional care to his patients. His approach is characterized by a deep understanding of individual preferences and a commitment to ensuring patients feel at ease throughout their treatment journey. History Dr. Ahmet Kaplan is a dedicated Plastic Surgeon Specialist known for his expertise in cosmetic procedures, particularly in facial and body aesthetics. His passion for this field led him to pursue higher education at Ankara Science High School, where he graduated in 2008. He furthered his academic journey at Hacettepe University Faculty of Medicine, earning his degree in 2014.","sameAs":["https:\/\/www.drahmetkaplan.com\/tr\/"]}]}},"_links":{"self":[{"href":"https:\/\/drahmetkaplan.com\/tr\/wp-json\/wp\/v2\/pages\/128","targetHints":{"allow":["GET"]}}],"collection":[{"href":"https:\/\/drahmetkaplan.com\/tr\/wp-json\/wp\/v2\/pages"}],"about":[{"href":"https:\/\/drahmetkaplan.com\/tr\/wp-json\/wp\/v2\/types\/page"}],"author":[{"embeddable":true,"href":"https:\/\/drahmetkaplan.com\/tr\/wp-json\/wp\/v2\/users\/1"}],"replies":[{"embeddable":true,"href":"https:\/\/drahmetkaplan.com\/tr\/wp-json\/wp\/v2\/comments?post=128"}],"version-history":[{"count":23,"href":"https:\/\/drahmetkaplan.com\/tr\/wp-json\/wp\/v2\/pages\/128\/revisions"}],"predecessor-version":[{"id":1281,"href":"https:\/\/drahmetkaplan.com\/tr\/wp-json\/wp\/v2\/pages\/128\/revisions\/1281"}],"wp:attachment":[{"href":"https:\/\/drahmetkaplan.com\/tr\/wp-json\/wp\/v2\/media?parent=128"}],"curies":[{"name":"wp","href":"https:\/\/api.w.org\/{rel}","templated":true}]}}