{"id":138,"date":"2024-09-18T00:41:37","date_gmt":"2024-09-17T21:41:37","guid":{"rendered":"https:\/\/drahmetkaplan.com\/tr\/?page_id=138"},"modified":"2024-12-30T14:30:41","modified_gmt":"2024-12-30T11:30:41","slug":"tedaviler","status":"publish","type":"page","link":"https:\/\/drahmetkaplan.com\/tr\/tedaviler\/","title":{"rendered":"Tedaviler"},"content":{"rendered":"\t\t<div data-elementor-type=\"wp-page\" data-elementor-id=\"138\" class=\"elementor elementor-138\" data-elementor-post-type=\"page\">\n\t\t\t\t<div class=\"elementor-element elementor-element-54d7628 e-flex e-con-boxed e-con e-parent\" data-id=\"54d7628\" data-element_type=\"container\" data-e-type=\"container\">\n\t\t\t\t\t<div class=\"e-con-inner\">\n\t\t\t\t<div class=\"elementor-element elementor-element-7e5b84b elementor-widget elementor-widget-heading\" data-id=\"7e5b84b\" data-element_type=\"widget\" data-e-type=\"widget\" data-widget_type=\"heading.default\">\n\t\t\t\t<div class=\"elementor-widget-container\">\n\t\t\t\t\t<h1 class=\"elementor-heading-title elementor-size-default\">Plastik Cerrahiler<\/h1>\t\t\t\t<\/div>\n\t\t\t\t<\/div>\n\t\t\t\t\t<\/div>\n\t\t\t\t<\/div>\n\t\t<div class=\"elementor-element elementor-element-5976e02 e-grid e-con-boxed e-con e-parent\" data-id=\"5976e02\" data-element_type=\"container\" data-e-type=\"container\">\n\t\t\t\t\t<div class=\"e-con-inner\">\n\t\t\t\t<div class=\"elementor-element elementor-element-53100df elementor-cta--skin-cover elementor-cta--valign-bottom elementor-bg-transform elementor-bg-transform-move-left elementor-animated-content elementor-widget elementor-widget-call-to-action\" data-id=\"53100df\" data-element_type=\"widget\" data-e-type=\"widget\" data-widget_type=\"call-to-action.default\">\n\t\t\t\t<div class=\"elementor-widget-container\">\n\t\t\t\t\t\t\t<a class=\"elementor-cta\" href=\"https:\/\/drahmetkaplan.com\/tr\/tedaviler\/popo-buyutme-estetik-ameliyati-bbl\/\">\n\t\t\t\t\t<div class=\"elementor-cta__bg-wrapper\">\n\t\t\t\t<div class=\"elementor-cta__bg elementor-bg\" style=\"background-image: url(https:\/\/drahmetkaplan.com\/tr\/wp-content\/uploads\/2024\/09\/bbl.webp);\" role=\"img\" aria-label=\"Popo Esteti\u011fi - BBL\"><\/div>\n\t\t\t\t<div class=\"elementor-cta__bg-overlay\"><\/div>\n\t\t\t<\/div>\n\t\t\t\t\t\t\t<div class=\"elementor-cta__content\">\n\t\t\t\t\n\t\t\t\t\t\t\t\t\t<h2 class=\"elementor-cta__title elementor-cta__content-item elementor-content-item elementor-animated-item--grow\">\n\t\t\t\t\t\tPopo Esteti\u011fi (BBL)\t\t\t\t\t<\/h2>\n\t\t\t\t\n\t\t\t\t\n\t\t\t\t\t\t\t<\/div>\n\t\t\t\t\t\t<\/a>\n\t\t\t\t\t\t<\/div>\n\t\t\t\t<\/div>\n\t\t\t\t<div class=\"elementor-element elementor-element-680622c elementor-cta--skin-cover elementor-cta--valign-bottom elementor-bg-transform elementor-bg-transform-move-left elementor-animated-content elementor-widget elementor-widget-call-to-action\" data-id=\"680622c\" data-element_type=\"widget\" data-e-type=\"widget\" data-widget_type=\"call-to-action.default\">\n\t\t\t\t<div class=\"elementor-widget-container\">\n\t\t\t\t\t\t\t<a class=\"elementor-cta\" href=\"https:\/\/drahmetkaplan.com\/tr\/tedaviler\/annelik-estetigi-mommy-makeover\/\">\n\t\t\t\t\t<div class=\"elementor-cta__bg-wrapper\">\n\t\t\t\t<div class=\"elementor-cta__bg elementor-bg\" style=\"background-image: url(https:\/\/drahmetkaplan.com\/tr\/wp-content\/uploads\/2024\/09\/mommy-makeover.webp);\" role=\"img\" aria-label=\"Annelik Esteti\u011fi (Mommy Makeover)\"><\/div>\n\t\t\t\t<div class=\"elementor-cta__bg-overlay\"><\/div>\n\t\t\t<\/div>\n\t\t\t\t\t\t\t<div class=\"elementor-cta__content\">\n\t\t\t\t\n\t\t\t\t\t\t\t\t\t<h2 class=\"elementor-cta__title elementor-cta__content-item elementor-content-item elementor-animated-item--grow\">\n\t\t\t\t\t\tAnnelik Esteti\u011fi <br>(Mommy Makeover)\t\t\t\t\t<\/h2>\n\t\t\t\t\n\t\t\t\t\n\t\t\t\t\t\t\t<\/div>\n\t\t\t\t\t\t<\/a>\n\t\t\t\t\t\t<\/div>\n\t\t\t\t<\/div>\n\t\t\t\t<div class=\"elementor-element elementor-element-c19467f elementor-cta--skin-cover elementor-cta--valign-bottom elementor-bg-transform elementor-bg-transform-move-left elementor-animated-content elementor-widget elementor-widget-call-to-action\" data-id=\"c19467f\" data-element_type=\"widget\" data-e-type=\"widget\" data-widget_type=\"call-to-action.default\">\n\t\t\t\t<div class=\"elementor-widget-container\">\n\t\t\t\t\t\t\t<a class=\"elementor-cta\" href=\"https:\/\/drahmetkaplan.com\/tr\/tedaviler\/karin-germe-estetik-ameliyati\/\">\n\t\t\t\t\t<div class=\"elementor-cta__bg-wrapper\">\n\t\t\t\t<div class=\"elementor-cta__bg elementor-bg\" style=\"background-image: url(https:\/\/drahmetkaplan.com\/tr\/wp-content\/uploads\/2024\/09\/tummy-tuck.webp);\" role=\"img\" aria-label=\"Kar\u0131n Germe Esteti\u011fi\"><\/div>\n\t\t\t\t<div class=\"elementor-cta__bg-overlay\"><\/div>\n\t\t\t<\/div>\n\t\t\t\t\t\t\t<div class=\"elementor-cta__content\">\n\t\t\t\t\n\t\t\t\t\t\t\t\t\t<h2 class=\"elementor-cta__title elementor-cta__content-item elementor-content-item elementor-animated-item--grow\">\n\t\t\t\t\t\tKar\u0131n Germe Esteti\u011fi\t\t\t\t\t<\/h2>\n\t\t\t\t\n\t\t\t\t\n\t\t\t\t\t\t\t<\/div>\n\t\t\t\t\t\t<\/a>\n\t\t\t\t\t\t<\/div>\n\t\t\t\t<\/div>\n\t\t\t\t<div class=\"elementor-element elementor-element-9313707 elementor-cta--skin-cover elementor-cta--valign-bottom elementor-bg-transform elementor-bg-transform-move-left elementor-animated-content elementor-widget elementor-widget-call-to-action\" data-id=\"9313707\" data-element_type=\"widget\" data-e-type=\"widget\" data-widget_type=\"call-to-action.default\">\n\t\t\t\t<div class=\"elementor-widget-container\">\n\t\t\t\t\t\t\t<a class=\"elementor-cta\" href=\"https:\/\/drahmetkaplan.com\/tr\/tedaviler\/meme-diklestirme-ameliyati\/\">\n\t\t\t\t\t<div class=\"elementor-cta__bg-wrapper\">\n\t\t\t\t<div class=\"elementor-cta__bg elementor-bg\" style=\"background-image: url(https:\/\/drahmetkaplan.com\/tr\/wp-content\/uploads\/2024\/09\/breast-lift.webp);\" role=\"img\" aria-label=\"Meme Dikle\u015ftirme Esteti\u011fi\"><\/div>\n\t\t\t\t<div class=\"elementor-cta__bg-overlay\"><\/div>\n\t\t\t<\/div>\n\t\t\t\t\t\t\t<div class=\"elementor-cta__content\">\n\t\t\t\t\n\t\t\t\t\t\t\t\t\t<h2 class=\"elementor-cta__title elementor-cta__content-item elementor-content-item elementor-animated-item--grow\">\n\t\t\t\t\t\tMeme Dikle\u015ftirme Esteti\u011fi\t\t\t\t\t<\/h2>\n\t\t\t\t\n\t\t\t\t\n\t\t\t\t\t\t\t<\/div>\n\t\t\t\t\t\t<\/a>\n\t\t\t\t\t\t<\/div>\n\t\t\t\t<\/div>\n\t\t\t\t<div class=\"elementor-element elementor-element-b9719dd elementor-cta--skin-cover elementor-cta--valign-bottom elementor-bg-transform elementor-bg-transform-move-left elementor-animated-content elementor-widget elementor-widget-call-to-action\" data-id=\"b9719dd\" data-element_type=\"widget\" data-e-type=\"widget\" data-widget_type=\"call-to-action.default\">\n\t\t\t\t<div class=\"elementor-widget-container\">\n\t\t\t\t\t\t\t<a class=\"elementor-cta\" href=\"https:\/\/drahmetkaplan.com\/tr\/tedaviler\/gogus-buyutme-estetigi-meme-protez\/\">\n\t\t\t\t\t<div class=\"elementor-cta__bg-wrapper\">\n\t\t\t\t<div class=\"elementor-cta__bg elementor-bg\" style=\"background-image: url(https:\/\/drahmetkaplan.com\/tr\/wp-content\/uploads\/2024\/09\/breast-augmentation.webp);\" role=\"img\" aria-label=\"Meme B\u00fcy\u00fctme Ameliyat\u0131\"><\/div>\n\t\t\t\t<div class=\"elementor-cta__bg-overlay\"><\/div>\n\t\t\t<\/div>\n\t\t\t\t\t\t\t<div class=\"elementor-cta__content\">\n\t\t\t\t\n\t\t\t\t\t\t\t\t\t<h2 class=\"elementor-cta__title elementor-cta__content-item elementor-content-item elementor-animated-item--grow\">\n\t\t\t\t\t\tMeme B\u00fcy\u00fctme Ameliyat\u0131\t\t\t\t\t<\/h2>\n\t\t\t\t\n\t\t\t\t\n\t\t\t\t\t\t\t<\/div>\n\t\t\t\t\t\t<\/a>\n\t\t\t\t\t\t<\/div>\n\t\t\t\t<\/div>\n\t\t\t\t<div class=\"elementor-element elementor-element-12e238a elementor-cta--skin-cover elementor-cta--valign-bottom elementor-bg-transform elementor-bg-transform-move-left elementor-animated-content elementor-widget elementor-widget-call-to-action\" data-id=\"12e238a\" data-element_type=\"widget\" data-e-type=\"widget\" data-widget_type=\"call-to-action.default\">\n\t\t\t\t<div class=\"elementor-widget-container\">\n\t\t\t\t\t\t\t<a class=\"elementor-cta\" href=\"https:\/\/drahmetkaplan.com\/tr\/tedaviler\/meme-diklestirme-buyutme-ameliyati\/\">\n\t\t\t\t\t<div class=\"elementor-cta__bg-wrapper\">\n\t\t\t\t<div class=\"elementor-cta__bg elementor-bg\" style=\"background-image: url(https:\/\/drahmetkaplan.com\/tr\/wp-content\/uploads\/2024\/09\/breast-lift-augmentation.webp);\" role=\"img\" aria-label=\"Meme Protez &amp; Dikle\u015ftirme Ameliyat\u0131\"><\/div>\n\t\t\t\t<div class=\"elementor-cta__bg-overlay\"><\/div>\n\t\t\t<\/div>\n\t\t\t\t\t\t\t<div class=\"elementor-cta__content\">\n\t\t\t\t\n\t\t\t\t\t\t\t\t\t<h2 class=\"elementor-cta__title elementor-cta__content-item elementor-content-item elementor-animated-item--grow\">\n\t\t\t\t\t\tMeme Protez &amp; Dikle\u015ftirme Ameliyat\u0131\t\t\t\t\t<\/h2>\n\t\t\t\t\n\t\t\t\t\n\t\t\t\t\t\t\t<\/div>\n\t\t\t\t\t\t<\/a>\n\t\t\t\t\t\t<\/div>\n\t\t\t\t<\/div>\n\t\t\t\t<div class=\"elementor-element elementor-element-568126f elementor-cta--skin-cover elementor-cta--valign-bottom elementor-bg-transform elementor-bg-transform-move-left elementor-animated-content elementor-widget elementor-widget-call-to-action\" data-id=\"568126f\" data-element_type=\"widget\" data-e-type=\"widget\" data-widget_type=\"call-to-action.default\">\n\t\t\t\t<div class=\"elementor-widget-container\">\n\t\t\t\t\t\t\t<a class=\"elementor-cta\" href=\"https:\/\/drahmetkaplan.com\/tr\/tedaviler\/yuz-germe-estetigi\/\">\n\t\t\t\t\t<div class=\"elementor-cta__bg-wrapper\">\n\t\t\t\t<div class=\"elementor-cta__bg elementor-bg\" style=\"background-image: url(https:\/\/drahmetkaplan.com\/tr\/wp-content\/uploads\/2024\/09\/face-lift.webp);\" role=\"img\" aria-label=\"Y\u00fcz Germe Ameliyat\u0131\"><\/div>\n\t\t\t\t<div class=\"elementor-cta__bg-overlay\"><\/div>\n\t\t\t<\/div>\n\t\t\t\t\t\t\t<div class=\"elementor-cta__content\">\n\t\t\t\t\n\t\t\t\t\t\t\t\t\t<h2 class=\"elementor-cta__title elementor-cta__content-item elementor-content-item elementor-animated-item--grow\">\n\t\t\t\t\t\tY\u00fcz Germe Ameliyat\u0131\t\t\t\t\t<\/h2>\n\t\t\t\t\n\t\t\t\t\n\t\t\t\t\t\t\t<\/div>\n\t\t\t\t\t\t<\/a>\n\t\t\t\t\t\t<\/div>\n\t\t\t\t<\/div>\n\t\t\t\t<div class=\"elementor-element elementor-element-1357f01 elementor-cta--skin-cover elementor-cta--valign-bottom elementor-bg-transform elementor-bg-transform-move-left elementor-animated-content elementor-widget elementor-widget-call-to-action\" data-id=\"1357f01\" data-element_type=\"widget\" data-e-type=\"widget\" data-widget_type=\"call-to-action.default\">\n\t\t\t\t<div class=\"elementor-widget-container\">\n\t\t\t\t\t\t\t<a class=\"elementor-cta\" href=\"https:\/\/drahmetkaplan.com\/tr\/tedaviler\/goz-kapagi-estetigi-blefaroplasti\/\">\n\t\t\t\t\t<div class=\"elementor-cta__bg-wrapper\">\n\t\t\t\t<div class=\"elementor-cta__bg elementor-bg\" style=\"background-image: url(https:\/\/drahmetkaplan.com\/tr\/wp-content\/uploads\/2024\/12\/Goz-Kapagi-Estetigi-Blefaroplasti.png);\" role=\"img\" aria-label=\"G\u00f6z Kapa\u011f\u0131 Esteti\u011fi (Blefaroplasti)\"><\/div>\n\t\t\t\t<div class=\"elementor-cta__bg-overlay\"><\/div>\n\t\t\t<\/div>\n\t\t\t\t\t\t\t<div class=\"elementor-cta__content\">\n\t\t\t\t\n\t\t\t\t\t\t\t\t\t<h2 class=\"elementor-cta__title elementor-cta__content-item elementor-content-item elementor-animated-item--grow\">\n\t\t\t\t\t\tG\u00f6z Kapa\u011f\u0131 Esteti\u011fi (Blefaroplasti)\t\t\t\t\t<\/h2>\n\t\t\t\t\n\t\t\t\t\n\t\t\t\t\t\t\t<\/div>\n\t\t\t\t\t\t<\/a>\n\t\t\t\t\t\t<\/div>\n\t\t\t\t<\/div>\n\t\t\t\t<div class=\"elementor-element elementor-element-cb74b30 elementor-cta--skin-cover elementor-cta--valign-bottom elementor-bg-transform elementor-bg-transform-move-left elementor-animated-content elementor-widget elementor-widget-call-to-action\" data-id=\"cb74b30\" data-element_type=\"widget\" data-e-type=\"widget\" data-widget_type=\"call-to-action.default\">\n\t\t\t\t<div class=\"elementor-widget-container\">\n\t\t\t\t\t\t\t<a class=\"elementor-cta\" href=\"https:\/\/drahmetkaplan.com\/tr\/tedaviler\/kol-germe-estetik-ameliyati\/\">\n\t\t\t\t\t<div class=\"elementor-cta__bg-wrapper\">\n\t\t\t\t<div class=\"elementor-cta__bg elementor-bg\" style=\"background-image: url(https:\/\/drahmetkaplan.com\/tr\/wp-content\/uploads\/2024\/09\/arm-lift.webp);\" role=\"img\" aria-label=\"Kol Germe Esteti\u011fi\"><\/div>\n\t\t\t\t<div class=\"elementor-cta__bg-overlay\"><\/div>\n\t\t\t<\/div>\n\t\t\t\t\t\t\t<div class=\"elementor-cta__content\">\n\t\t\t\t\n\t\t\t\t\t\t\t\t\t<h2 class=\"elementor-cta__title elementor-cta__content-item elementor-content-item elementor-animated-item--grow\">\n\t\t\t\t\t\tKol Germe Esteti\u011fi\t\t\t\t\t<\/h2>\n\t\t\t\t\n\t\t\t\t\n\t\t\t\t\t\t\t<\/div>\n\t\t\t\t\t\t<\/a>\n\t\t\t\t\t\t<\/div>\n\t\t\t\t<\/div>\n\t\t\t\t<div class=\"elementor-element elementor-element-8d9ccf4 elementor-cta--skin-cover elementor-cta--valign-bottom elementor-bg-transform elementor-bg-transform-move-left elementor-animated-content elementor-widget elementor-widget-call-to-action\" data-id=\"8d9ccf4\" data-element_type=\"widget\" data-e-type=\"widget\" data-widget_type=\"call-to-action.default\">\n\t\t\t\t<div class=\"elementor-widget-container\">\n\t\t\t\t\t\t\t<a class=\"elementor-cta\" href=\"https:\/\/drahmetkaplan.com\/tr\/tedaviler\/erkek-estetik-ameliyatlar\/\">\n\t\t\t\t\t<div class=\"elementor-cta__bg-wrapper\">\n\t\t\t\t<div class=\"elementor-cta__bg elementor-bg\" style=\"background-image: url(https:\/\/drahmetkaplan.com\/tr\/wp-content\/uploads\/2024\/09\/male-aesthatics.webp);\" role=\"img\" aria-label=\"Erkek Estetik Ameliyatlar\u0131\"><\/div>\n\t\t\t\t<div class=\"elementor-cta__bg-overlay\"><\/div>\n\t\t\t<\/div>\n\t\t\t\t\t\t\t<div class=\"elementor-cta__content\">\n\t\t\t\t\n\t\t\t\t\t\t\t\t\t<h2 class=\"elementor-cta__title elementor-cta__content-item elementor-content-item elementor-animated-item--grow\">\n\t\t\t\t\t\tErkek Estetik Ameliyatlar\u0131\t\t\t\t\t<\/h2>\n\t\t\t\t\n\t\t\t\t\n\t\t\t\t\t\t\t<\/div>\n\t\t\t\t\t\t<\/a>\n\t\t\t\t\t\t<\/div>\n\t\t\t\t<\/div>\n\t\t\t\t<div class=\"elementor-element elementor-element-82ab121 elementor-cta--skin-cover elementor-cta--valign-bottom elementor-bg-transform elementor-bg-transform-move-left elementor-animated-content elementor-widget elementor-widget-call-to-action\" data-id=\"82ab121\" data-element_type=\"widget\" data-e-type=\"widget\" data-widget_type=\"call-to-action.default\">\n\t\t\t\t<div class=\"elementor-widget-container\">\n\t\t\t\t\t\t\t<a class=\"elementor-cta\" href=\"https:\/\/drahmetkaplan.com\/tr\/tedaviler\/burun-estetigi-rinoplasti\/\">\n\t\t\t\t\t<div class=\"elementor-cta__bg-wrapper\">\n\t\t\t\t<div class=\"elementor-cta__bg elementor-bg\" style=\"background-image: url(https:\/\/drahmetkaplan.com\/tr\/wp-content\/uploads\/2024\/09\/rhinoplasty.webp);\" role=\"img\" aria-label=\"Burun Esteti\u011fi (Rinoplasti)\"><\/div>\n\t\t\t\t<div class=\"elementor-cta__bg-overlay\"><\/div>\n\t\t\t<\/div>\n\t\t\t\t\t\t\t<div class=\"elementor-cta__content\">\n\t\t\t\t\n\t\t\t\t\t\t\t\t\t<h2 class=\"elementor-cta__title elementor-cta__content-item elementor-content-item elementor-animated-item--grow\">\n\t\t\t\t\t\tBurun Esteti\u011fi (Rinoplasti)\t\t\t\t\t<\/h2>\n\t\t\t\t\n\t\t\t\t\n\t\t\t\t\t\t\t<\/div>\n\t\t\t\t\t\t<\/a>\n\t\t\t\t\t\t<\/div>\n\t\t\t\t<\/div>\n\t\t\t\t\t<\/div>\n\t\t\t\t<\/div>\n\t\t\t\t<\/div>\n\t\t","protected":false},"excerpt":{"rendered":"<p>Plastik Cerrahiler Popo Esteti\u011fi (BBL) Annelik Esteti\u011fi (Mommy Makeover) Kar\u0131n Germe Esteti\u011fi Meme Dikle\u015ftirme Esteti\u011fi Meme B\u00fcy\u00fctme Ameliyat\u0131 Meme Protez &#038; Dikle\u015ftirme Ameliyat\u0131 Y\u00fcz Germe Ameliyat\u0131 G\u00f6z Kapa\u011f\u0131 Esteti\u011fi (Blefaroplasti) Kol Germe Esteti\u011fi Erkek Estetik Ameliyatlar\u0131 Burun Esteti\u011fi (Rinoplasti)<\/p>\n","protected":false},"author":1,"featured_media":0,"parent":0,"menu_order":0,"comment_status":"closed","ping_status":"closed","template":"","meta":{"footnotes":""},"class_list":["post-138","page","type-page","status-publish","hentry"],"yoast_head":"<!-- This site is optimized with the Yoast SEO plugin v27.6 - https:\/\/yoast.com\/product\/yoast-seo-wordpress\/ -->\n<title>Tedaviler - Dr. Ahmet Kaplan<\/title>\n<meta name=\"robots\" content=\"index, follow, max-snippet:-1, max-image-preview:large, max-video-preview:-1\" \/>\n<link rel=\"canonical\" href=\"https:\/\/drahmetkaplan.com\/tr\/tedaviler\/\" \/>\n<meta property=\"og:locale\" content=\"tr_TR\" \/>\n<meta property=\"og:type\" content=\"article\" \/>\n<meta property=\"og:title\" content=\"Tedaviler - Dr. Ahmet Kaplan\" \/>\n<meta property=\"og:description\" content=\"Plastik Cerrahiler Popo Esteti\u011fi (BBL) Annelik Esteti\u011fi (Mommy Makeover) Kar\u0131n Germe Esteti\u011fi Meme Dikle\u015ftirme Esteti\u011fi Meme B\u00fcy\u00fctme Ameliyat\u0131 Meme Protez &#038; Dikle\u015ftirme Ameliyat\u0131 Y\u00fcz Germe Ameliyat\u0131 G\u00f6z Kapa\u011f\u0131 Esteti\u011fi (Blefaroplasti) Kol Germe Esteti\u011fi Erkek Estetik Ameliyatlar\u0131 Burun Esteti\u011fi (Rinoplasti)\" \/>\n<meta property=\"og:url\" content=\"https:\/\/drahmetkaplan.com\/tr\/tedaviler\/\" \/>\n<meta property=\"og:site_name\" content=\"Dr. Ahmet Kaplan\" \/>\n<meta property=\"article:modified_time\" content=\"2024-12-30T11:30:41+00:00\" \/>\n<meta property=\"og:image\" content=\"https:\/\/drahmetkaplan.com\/tr\/wp-content\/uploads\/2024\/09\/hero-home-scaled.webp\" \/>\n\t<meta property=\"og:image:width\" content=\"2560\" \/>\n\t<meta property=\"og:image:height\" content=\"1422\" \/>\n\t<meta property=\"og:image:type\" content=\"image\/webp\" \/>\n<meta name=\"twitter:card\" content=\"summary_large_image\" \/>\n<meta name=\"twitter:label1\" content=\"Tahmini okuma s\u00fcresi\" \/>\n\t<meta name=\"twitter:data1\" content=\"1 dakika\" \/>\n<script type=\"application\/ld+json\" class=\"yoast-schema-graph\">{\"@context\":\"https:\\\/\\\/schema.org\",\"@graph\":[{\"@type\":\"WebPage\",\"@id\":\"https:\\\/\\\/drahmetkaplan.com\\\/tr\\\/tedaviler\\\/\",\"url\":\"https:\\\/\\\/drahmetkaplan.com\\\/tr\\\/tedaviler\\\/\",\"name\":\"Tedaviler - Dr. Ahmet Kaplan\",\"isPartOf\":{\"@id\":\"https:\\\/\\\/drahmetkaplan.com\\\/tr\\\/#website\"},\"datePublished\":\"2024-09-17T21:41:37+00:00\",\"dateModified\":\"2024-12-30T11:30:41+00:00\",\"breadcrumb\":{\"@id\":\"https:\\\/\\\/drahmetkaplan.com\\\/tr\\\/tedaviler\\\/#breadcrumb\"},\"inLanguage\":\"tr\",\"potentialAction\":[{\"@type\":\"ReadAction\",\"target\":[\"https:\\\/\\\/drahmetkaplan.com\\\/tr\\\/tedaviler\\\/\"]}]},{\"@type\":\"BreadcrumbList\",\"@id\":\"https:\\\/\\\/drahmetkaplan.com\\\/tr\\\/tedaviler\\\/#breadcrumb\",\"itemListElement\":[{\"@type\":\"ListItem\",\"position\":1,\"name\":\"Anasayfa\",\"item\":\"https:\\\/\\\/drahmetkaplan.com\\\/tr\\\/\"},{\"@type\":\"ListItem\",\"position\":2,\"name\":\"Tedaviler\"}]},{\"@type\":\"WebSite\",\"@id\":\"https:\\\/\\\/drahmetkaplan.com\\\/tr\\\/#website\",\"url\":\"https:\\\/\\\/drahmetkaplan.com\\\/tr\\\/\",\"name\":\"Op. Dr. Ahmet Kaplan - Plastik, Rekonstr\u00fcktif ve Estetik Cerrahi\",\"description\":\"Plastik, Rekonstr\u00fcktif ve Estetik Cerrahi\",\"publisher\":{\"@id\":\"https:\\\/\\\/drahmetkaplan.com\\\/tr\\\/#\\\/schema\\\/person\\\/aa068fb9b848986175819f98093f787d\"},\"potentialAction\":[{\"@type\":\"SearchAction\",\"target\":{\"@type\":\"EntryPoint\",\"urlTemplate\":\"https:\\\/\\\/drahmetkaplan.com\\\/tr\\\/?s={search_term_string}\"},\"query-input\":{\"@type\":\"PropertyValueSpecification\",\"valueRequired\":true,\"valueName\":\"search_term_string\"}}],\"inLanguage\":\"tr\"},{\"@type\":[\"Person\",\"Organization\"],\"@id\":\"https:\\\/\\\/drahmetkaplan.com\\\/tr\\\/#\\\/schema\\\/person\\\/aa068fb9b848986175819f98093f787d\",\"name\":\"Dr. Ahmet Kaplan\",\"image\":{\"@type\":\"ImageObject\",\"inLanguage\":\"tr\",\"@id\":\"https:\\\/\\\/drahmetkaplan.com\\\/tr\\\/wp-content\\\/uploads\\\/2024\\\/11\\\/channels4_profile.jpg\",\"url\":\"https:\\\/\\\/drahmetkaplan.com\\\/tr\\\/wp-content\\\/uploads\\\/2024\\\/11\\\/channels4_profile.jpg\",\"contentUrl\":\"https:\\\/\\\/drahmetkaplan.com\\\/tr\\\/wp-content\\\/uploads\\\/2024\\\/11\\\/channels4_profile.jpg\",\"width\":600,\"height\":600,\"caption\":\"Dr. Ahmet Kaplan\"},\"logo\":{\"@id\":\"https:\\\/\\\/drahmetkaplan.com\\\/tr\\\/wp-content\\\/uploads\\\/2024\\\/11\\\/channels4_profile.jpg\"},\"description\":\"Attainment of his Plastic Surgery Specialist Title in 2020. In 2022, he achieved a significant milestone by passing the final stage of the European Board of Plastic, Reconstructive, and Aesthetic Surgery exam, earning him the esteemed title of EBOPRAS. Currently based in Istanbul, Dr. Kaplan leverages his extensive knowledge and hands-on experience to provide exceptional care to his patients. His approach is characterized by a deep understanding of individual preferences and a commitment to ensuring patients feel at ease throughout their treatment journey. History Dr. Ahmet Kaplan is a dedicated Plastic Surgeon Specialist known for his expertise in cosmetic procedures, particularly in facial and body aesthetics. His passion for this field led him to pursue higher education at Ankara Science High School, where he graduated in 2008. He furthered his academic journey at Hacettepe University Faculty of Medicine, earning his degree in 2014.\",\"sameAs\":[\"https:\\\/\\\/www.drahmetkaplan.com\\\/tr\\\/\"]}]}<\/script>\n<!-- \/ Yoast SEO plugin. -->","yoast_head_json":{"title":"Tedaviler - Dr. Ahmet Kaplan","robots":{"index":"index","follow":"follow","max-snippet":"max-snippet:-1","max-image-preview":"max-image-preview:large","max-video-preview":"max-video-preview:-1"},"canonical":"https:\/\/drahmetkaplan.com\/tr\/tedaviler\/","og_locale":"tr_TR","og_type":"article","og_title":"Tedaviler - Dr. Ahmet Kaplan","og_description":"Plastik Cerrahiler Popo Esteti\u011fi (BBL) Annelik Esteti\u011fi (Mommy Makeover) Kar\u0131n Germe Esteti\u011fi Meme Dikle\u015ftirme Esteti\u011fi Meme B\u00fcy\u00fctme Ameliyat\u0131 Meme Protez &#038; Dikle\u015ftirme Ameliyat\u0131 Y\u00fcz Germe Ameliyat\u0131 G\u00f6z Kapa\u011f\u0131 Esteti\u011fi (Blefaroplasti) Kol Germe Esteti\u011fi Erkek Estetik Ameliyatlar\u0131 Burun Esteti\u011fi (Rinoplasti)","og_url":"https:\/\/drahmetkaplan.com\/tr\/tedaviler\/","og_site_name":"Dr. Ahmet Kaplan","article_modified_time":"2024-12-30T11:30:41+00:00","og_image":[{"width":2560,"height":1422,"url":"https:\/\/drahmetkaplan.com\/tr\/wp-content\/uploads\/2024\/09\/hero-home-scaled.webp","type":"image\/webp"}],"twitter_card":"summary_large_image","twitter_misc":{"Tahmini okuma s\u00fcresi":"1 dakika"},"schema":{"@context":"https:\/\/schema.org","@graph":[{"@type":"WebPage","@id":"https:\/\/drahmetkaplan.com\/tr\/tedaviler\/","url":"https:\/\/drahmetkaplan.com\/tr\/tedaviler\/","name":"Tedaviler - Dr. Ahmet Kaplan","isPartOf":{"@id":"https:\/\/drahmetkaplan.com\/tr\/#website"},"datePublished":"2024-09-17T21:41:37+00:00","dateModified":"2024-12-30T11:30:41+00:00","breadcrumb":{"@id":"https:\/\/drahmetkaplan.com\/tr\/tedaviler\/#breadcrumb"},"inLanguage":"tr","potentialAction":[{"@type":"ReadAction","target":["https:\/\/drahmetkaplan.com\/tr\/tedaviler\/"]}]},{"@type":"BreadcrumbList","@id":"https:\/\/drahmetkaplan.com\/tr\/tedaviler\/#breadcrumb","itemListElement":[{"@type":"ListItem","position":1,"name":"Anasayfa","item":"https:\/\/drahmetkaplan.com\/tr\/"},{"@type":"ListItem","position":2,"name":"Tedaviler"}]},{"@type":"WebSite","@id":"https:\/\/drahmetkaplan.com\/tr\/#website","url":"https:\/\/drahmetkaplan.com\/tr\/","name":"Op. Dr. Ahmet Kaplan - Plastik, Rekonstr\u00fcktif ve Estetik Cerrahi","description":"Plastik, Rekonstr\u00fcktif ve Estetik Cerrahi","publisher":{"@id":"https:\/\/drahmetkaplan.com\/tr\/#\/schema\/person\/aa068fb9b848986175819f98093f787d"},"potentialAction":[{"@type":"SearchAction","target":{"@type":"EntryPoint","urlTemplate":"https:\/\/drahmetkaplan.com\/tr\/?s={search_term_string}"},"query-input":{"@type":"PropertyValueSpecification","valueRequired":true,"valueName":"search_term_string"}}],"inLanguage":"tr"},{"@type":["Person","Organization"],"@id":"https:\/\/drahmetkaplan.com\/tr\/#\/schema\/person\/aa068fb9b848986175819f98093f787d","name":"Dr. Ahmet Kaplan","image":{"@type":"ImageObject","inLanguage":"tr","@id":"https:\/\/drahmetkaplan.com\/tr\/wp-content\/uploads\/2024\/11\/channels4_profile.jpg","url":"https:\/\/drahmetkaplan.com\/tr\/wp-content\/uploads\/2024\/11\/channels4_profile.jpg","contentUrl":"https:\/\/drahmetkaplan.com\/tr\/wp-content\/uploads\/2024\/11\/channels4_profile.jpg","width":600,"height":600,"caption":"Dr. Ahmet Kaplan"},"logo":{"@id":"https:\/\/drahmetkaplan.com\/tr\/wp-content\/uploads\/2024\/11\/channels4_profile.jpg"},"description":"Attainment of his Plastic Surgery Specialist Title in 2020. In 2022, he achieved a significant milestone by passing the final stage of the European Board of Plastic, Reconstructive, and Aesthetic Surgery exam, earning him the esteemed title of EBOPRAS. Currently based in Istanbul, Dr. Kaplan leverages his extensive knowledge and hands-on experience to provide exceptional care to his patients. His approach is characterized by a deep understanding of individual preferences and a commitment to ensuring patients feel at ease throughout their treatment journey. History Dr. Ahmet Kaplan is a dedicated Plastic Surgeon Specialist known for his expertise in cosmetic procedures, particularly in facial and body aesthetics. His passion for this field led him to pursue higher education at Ankara Science High School, where he graduated in 2008. He furthered his academic journey at Hacettepe University Faculty of Medicine, earning his degree in 2014.","sameAs":["https:\/\/www.drahmetkaplan.com\/tr\/"]}]}},"_links":{"self":[{"href":"https:\/\/drahmetkaplan.com\/tr\/wp-json\/wp\/v2\/pages\/138","targetHints":{"allow":["GET"]}}],"collection":[{"href":"https:\/\/drahmetkaplan.com\/tr\/wp-json\/wp\/v2\/pages"}],"about":[{"href":"https:\/\/drahmetkaplan.com\/tr\/wp-json\/wp\/v2\/types\/page"}],"author":[{"embeddable":true,"href":"https:\/\/drahmetkaplan.com\/tr\/wp-json\/wp\/v2\/users\/1"}],"replies":[{"embeddable":true,"href":"https:\/\/drahmetkaplan.com\/tr\/wp-json\/wp\/v2\/comments?post=138"}],"version-history":[{"count":71,"href":"https:\/\/drahmetkaplan.com\/tr\/wp-json\/wp\/v2\/pages\/138\/revisions"}],"predecessor-version":[{"id":765,"href":"https:\/\/drahmetkaplan.com\/tr\/wp-json\/wp\/v2\/pages\/138\/revisions\/765"}],"wp:attachment":[{"href":"https:\/\/drahmetkaplan.com\/tr\/wp-json\/wp\/v2\/media?parent=138"}],"curies":[{"name":"wp","href":"https:\/\/api.w.org\/{rel}","templated":true}]}}