{"id":144,"date":"2024-09-18T00:46:22","date_gmt":"2024-09-17T21:46:22","guid":{"rendered":"https:\/\/drahmetkaplan.com\/tr\/?page_id=144"},"modified":"2025-07-23T13:25:23","modified_gmt":"2025-07-23T10:25:23","slug":"iletisim","status":"publish","type":"page","link":"https:\/\/drahmetkaplan.com\/tr\/iletisim\/","title":{"rendered":"\u0130leti\u015fim"},"content":{"rendered":"\t\t<div data-elementor-type=\"wp-page\" data-elementor-id=\"144\" class=\"elementor elementor-144\" data-elementor-post-type=\"page\">\n\t\t\t\t<div class=\"elementor-element elementor-element-318c673 e-flex e-con-boxed e-con e-parent\" data-id=\"318c673\" data-element_type=\"container\" data-e-type=\"container\" data-settings=\"{&quot;background_background&quot;:&quot;classic&quot;}\">\n\t\t\t\t\t<div class=\"e-con-inner\">\n\t\t<div class=\"elementor-element elementor-element-8e9ae72 e-grid e-con-full e-con e-child\" data-id=\"8e9ae72\" data-element_type=\"container\" data-e-type=\"container\">\n\t\t<div class=\"elementor-element elementor-element-cec235f e-con-full e-flex e-con e-child\" data-id=\"cec235f\" data-element_type=\"container\" data-e-type=\"container\">\n\t\t\t\t<div class=\"elementor-element elementor-element-b0e80fc elementor-widget elementor-widget-heading\" data-id=\"b0e80fc\" data-element_type=\"widget\" data-e-type=\"widget\" data-widget_type=\"heading.default\">\n\t\t\t\t<div class=\"elementor-widget-container\">\n\t\t\t\t\t<h2 class=\"elementor-heading-title elementor-size-default\">Bize Ula\u015f\u0131n<\/h2>\t\t\t\t<\/div>\n\t\t\t\t<\/div>\n\t\t\t\t<div class=\"elementor-element elementor-element-a4ddeff elementor-widget-divider--view-line elementor-widget elementor-widget-divider\" data-id=\"a4ddeff\" data-element_type=\"widget\" data-e-type=\"widget\" data-widget_type=\"divider.default\">\n\t\t\t\t<div class=\"elementor-widget-container\">\n\t\t\t\t\t\t\t<div class=\"elementor-divider\">\n\t\t\t<span class=\"elementor-divider-separator\">\n\t\t\t\t\t\t<\/span>\n\t\t<\/div>\n\t\t\t\t\t\t<\/div>\n\t\t\t\t<\/div>\n\t\t\t\t<div class=\"elementor-element elementor-element-6252274 elementor-align-start elementor-icon-list--layout-traditional elementor-list-item-link-full_width elementor-widget elementor-widget-icon-list\" data-id=\"6252274\" data-element_type=\"widget\" data-e-type=\"widget\" data-widget_type=\"icon-list.default\">\n\t\t\t\t<div class=\"elementor-widget-container\">\n\t\t\t\t\t\t\t<ul class=\"elementor-icon-list-items\">\n\t\t\t\t\t\t\t<li class=\"elementor-icon-list-item\">\n\t\t\t\t\t\t\t\t\t\t\t<a href=\"https:\/\/maps.app.goo.gl\/QJR1JRi1SRN91A1n9\">\n\n\t\t\t\t\t\t\t\t\t\t\t\t<span class=\"elementor-icon-list-icon\">\n\t\t\t\t\t\t\t<svg aria-hidden=\"true\" class=\"e-font-icon-svg e-fas-location-arrow\" viewBox=\"0 0 512 512\" xmlns=\"http:\/\/www.w3.org\/2000\/svg\"><path d=\"M444.52 3.52L28.74 195.42c-47.97 22.39-31.98 92.75 19.19 92.75h175.91v175.91c0 51.17 70.36 67.17 92.75 19.19l191.9-415.78c15.99-38.39-25.59-79.97-63.97-63.97z\"><\/path><\/svg>\t\t\t\t\t\t<\/span>\n\t\t\t\t\t\t\t\t\t\t<span class=\"elementor-icon-list-text\">Nivo Atak\u00f6y B blok No:11 \/ Istanbul, Turkey<\/span>\n\t\t\t\t\t\t\t\t\t\t\t<\/a>\n\t\t\t\t\t\t\t\t\t<\/li>\n\t\t\t\t\t\t\t\t<li class=\"elementor-icon-list-item\">\n\t\t\t\t\t\t\t\t\t\t\t<a href=\"mailto:contact@drahmetkaplan.com\/tr\">\n\n\t\t\t\t\t\t\t\t\t\t\t\t<span class=\"elementor-icon-list-icon\">\n\t\t\t\t\t\t\t<svg aria-hidden=\"true\" class=\"e-font-icon-svg e-fas-envelope\" viewBox=\"0 0 512 512\" xmlns=\"http:\/\/www.w3.org\/2000\/svg\"><path d=\"M502.3 190.8c3.9-3.1 9.7-.2 9.7 4.7V400c0 26.5-21.5 48-48 48H48c-26.5 0-48-21.5-48-48V195.6c0-5 5.7-7.8 9.7-4.7 22.4 17.4 52.1 39.5 154.1 113.6 21.1 15.4 56.7 47.8 92.2 47.6 35.7.3 72-32.8 92.3-47.6 102-74.1 131.6-96.3 154-113.7zM256 320c23.2.4 56.6-29.2 73.4-41.4 132.7-96.3 142.8-104.7 173.4-128.7 5.8-4.5 9.2-11.5 9.2-18.9v-19c0-26.5-21.5-48-48-48H48C21.5 64 0 85.5 0 112v19c0 7.4 3.4 14.3 9.2 18.9 30.6 23.9 40.7 32.4 173.4 128.7 16.8 12.2 50.2 41.8 73.4 41.4z\"><\/path><\/svg>\t\t\t\t\t\t<\/span>\n\t\t\t\t\t\t\t\t\t\t<span class=\"elementor-icon-list-text\">contact@drahmetkaplan.com\/tr<\/span>\n\t\t\t\t\t\t\t\t\t\t\t<\/a>\n\t\t\t\t\t\t\t\t\t<\/li>\n\t\t\t\t\t\t\t\t<li class=\"elementor-icon-list-item\">\n\t\t\t\t\t\t\t\t\t\t\t<a href=\"https:\/\/wa.me\/905432076472\">\n\n\t\t\t\t\t\t\t\t\t\t\t\t<span class=\"elementor-icon-list-icon\">\n\t\t\t\t\t\t\t<svg aria-hidden=\"true\" class=\"e-font-icon-svg e-fab-whatsapp\" viewBox=\"0 0 448 512\" xmlns=\"http:\/\/www.w3.org\/2000\/svg\"><path d=\"M380.9 97.1C339 55.1 283.2 32 223.9 32c-122.4 0-222 99.6-222 222 0 39.1 10.2 77.3 29.6 111L0 480l117.7-30.9c32.4 17.7 68.9 27 106.1 27h.1c122.3 0 224.1-99.6 224.1-222 0-59.3-25.2-115-67.1-157zm-157 341.6c-33.2 0-65.7-8.9-94-25.7l-6.7-4-69.8 18.3L72 359.2l-4.4-7c-18.5-29.4-28.2-63.3-28.2-98.2 0-101.7 82.8-184.5 184.6-184.5 49.3 0 95.6 19.2 130.4 54.1 34.8 34.9 56.2 81.2 56.1 130.5 0 101.8-84.9 184.6-186.6 184.6zm101.2-138.2c-5.5-2.8-32.8-16.2-37.9-18-5.1-1.9-8.8-2.8-12.5 2.8-3.7 5.6-14.3 18-17.6 21.8-3.2 3.7-6.5 4.2-12 1.4-32.6-16.3-54-29.1-75.5-66-5.7-9.8 5.7-9.1 16.3-30.3 1.8-3.7.9-6.9-.5-9.7-1.4-2.8-12.5-30.1-17.1-41.2-4.5-10.8-9.1-9.3-12.5-9.5-3.2-.2-6.9-.2-10.6-.2-3.7 0-9.7 1.4-14.8 6.9-5.1 5.6-19.4 19-19.4 46.3 0 27.3 19.9 53.7 22.6 57.4 2.8 3.7 39.1 59.7 94.8 83.8 35.2 15.2 49 16.5 66.6 13.9 10.7-1.6 32.8-13.4 37.4-26.4 4.6-13 4.6-24.1 3.2-26.4-1.3-2.5-5-3.9-10.5-6.6z\"><\/path><\/svg>\t\t\t\t\t\t<\/span>\n\t\t\t\t\t\t\t\t\t\t<span class=\"elementor-icon-list-text\">+90 543 207 64 72<\/span>\n\t\t\t\t\t\t\t\t\t\t\t<\/a>\n\t\t\t\t\t\t\t\t\t<\/li>\n\t\t\t\t\t\t<\/ul>\n\t\t\t\t\t\t<\/div>\n\t\t\t\t<\/div>\n\t\t\t\t<div class=\"elementor-element elementor-element-09cba2a elementor-widget-divider--view-line elementor-widget elementor-widget-divider\" data-id=\"09cba2a\" data-element_type=\"widget\" data-e-type=\"widget\" data-widget_type=\"divider.default\">\n\t\t\t\t<div class=\"elementor-widget-container\">\n\t\t\t\t\t\t\t<div class=\"elementor-divider\">\n\t\t\t<span class=\"elementor-divider-separator\">\n\t\t\t\t\t\t<\/span>\n\t\t<\/div>\n\t\t\t\t\t\t<\/div>\n\t\t\t\t<\/div>\n\t\t\t\t<div class=\"elementor-element elementor-element-89a5a20 elementor-shape-square e-grid-align-left elementor-grid-0 elementor-widget elementor-widget-social-icons\" data-id=\"89a5a20\" data-element_type=\"widget\" data-e-type=\"widget\" data-widget_type=\"social-icons.default\">\n\t\t\t\t<div class=\"elementor-widget-container\">\n\t\t\t\t\t\t\t<div class=\"elementor-social-icons-wrapper elementor-grid\" role=\"list\">\n\t\t\t\t\t\t\t<span class=\"elementor-grid-item\" role=\"listitem\">\n\t\t\t\t\t<a class=\"elementor-icon elementor-social-icon elementor-social-icon-instagram elementor-repeater-item-5d7d374\" href=\"https:\/\/www.instagram.com\/drahmetkaplan\/\" target=\"_blank\">\n\t\t\t\t\t\t<span class=\"elementor-screen-only\">Instagram<\/span>\n\t\t\t\t\t\t<svg aria-hidden=\"true\" class=\"e-font-icon-svg e-fab-instagram\" viewBox=\"0 0 448 512\" xmlns=\"http:\/\/www.w3.org\/2000\/svg\"><path d=\"M224.1 141c-63.6 0-114.9 51.3-114.9 114.9s51.3 114.9 114.9 114.9S339 319.5 339 255.9 287.7 141 224.1 141zm0 189.6c-41.1 0-74.7-33.5-74.7-74.7s33.5-74.7 74.7-74.7 74.7 33.5 74.7 74.7-33.6 74.7-74.7 74.7zm146.4-194.3c0 14.9-12 26.8-26.8 26.8-14.9 0-26.8-12-26.8-26.8s12-26.8 26.8-26.8 26.8 12 26.8 26.8zm76.1 27.2c-1.7-35.9-9.9-67.7-36.2-93.9-26.2-26.2-58-34.4-93.9-36.2-37-2.1-147.9-2.1-184.9 0-35.8 1.7-67.6 9.9-93.9 36.1s-34.4 58-36.2 93.9c-2.1 37-2.1 147.9 0 184.9 1.7 35.9 9.9 67.7 36.2 93.9s58 34.4 93.9 36.2c37 2.1 147.9 2.1 184.9 0 35.9-1.7 67.7-9.9 93.9-36.2 26.2-26.2 34.4-58 36.2-93.9 2.1-37 2.1-147.8 0-184.8zM398.8 388c-7.8 19.6-22.9 34.7-42.6 42.6-29.5 11.7-99.5 9-132.1 9s-102.7 2.6-132.1-9c-19.6-7.8-34.7-22.9-42.6-42.6-11.7-29.5-9-99.5-9-132.1s-2.6-102.7 9-132.1c7.8-19.6 22.9-34.7 42.6-42.6 29.5-11.7 99.5-9 132.1-9s102.7-2.6 132.1 9c19.6 7.8 34.7 22.9 42.6 42.6 11.7 29.5 9 99.5 9 132.1s2.7 102.7-9 132.1z\"><\/path><\/svg>\t\t\t\t\t<\/a>\n\t\t\t\t<\/span>\n\t\t\t\t\t\t\t<span class=\"elementor-grid-item\" role=\"listitem\">\n\t\t\t\t\t<a class=\"elementor-icon elementor-social-icon elementor-social-icon-facebook elementor-repeater-item-064b801\" href=\"https:\/\/www.facebook.com\/people\/Dr-Ahmet-Kaplan\/61550863053775\/\" target=\"_blank\">\n\t\t\t\t\t\t<span class=\"elementor-screen-only\">Facebook<\/span>\n\t\t\t\t\t\t<svg aria-hidden=\"true\" class=\"e-font-icon-svg e-fab-facebook\" viewBox=\"0 0 512 512\" xmlns=\"http:\/\/www.w3.org\/2000\/svg\"><path d=\"M504 256C504 119 393 8 256 8S8 119 8 256c0 123.78 90.69 226.38 209.25 245V327.69h-63V256h63v-54.64c0-62.15 37-96.48 93.67-96.48 27.14 0 55.52 4.84 55.52 4.84v61h-31.28c-30.8 0-40.41 19.12-40.41 38.73V256h68.78l-11 71.69h-57.78V501C413.31 482.38 504 379.78 504 256z\"><\/path><\/svg>\t\t\t\t\t<\/a>\n\t\t\t\t<\/span>\n\t\t\t\t\t\t\t<span class=\"elementor-grid-item\" role=\"listitem\">\n\t\t\t\t\t<a class=\"elementor-icon elementor-social-icon elementor-social-icon-youtube elementor-repeater-item-2f6b620\" href=\"https:\/\/www.youtube.com\/@drahmetkaplan\" target=\"_blank\">\n\t\t\t\t\t\t<span class=\"elementor-screen-only\">Youtube<\/span>\n\t\t\t\t\t\t<svg aria-hidden=\"true\" class=\"e-font-icon-svg e-fab-youtube\" viewBox=\"0 0 576 512\" xmlns=\"http:\/\/www.w3.org\/2000\/svg\"><path d=\"M549.655 124.083c-6.281-23.65-24.787-42.276-48.284-48.597C458.781 64 288 64 288 64S117.22 64 74.629 75.486c-23.497 6.322-42.003 24.947-48.284 48.597-11.412 42.867-11.412 132.305-11.412 132.305s0 89.438 11.412 132.305c6.281 23.65 24.787 41.5 48.284 47.821C117.22 448 288 448 288 448s170.78 0 213.371-11.486c23.497-6.321 42.003-24.171 48.284-47.821 11.412-42.867 11.412-132.305 11.412-132.305s0-89.438-11.412-132.305zm-317.51 213.508V175.185l142.739 81.205-142.739 81.201z\"><\/path><\/svg>\t\t\t\t\t<\/a>\n\t\t\t\t<\/span>\n\t\t\t\t\t\t\t<span class=\"elementor-grid-item\" role=\"listitem\">\n\t\t\t\t\t<a class=\"elementor-icon elementor-social-icon elementor-social-icon-linkedin elementor-repeater-item-77f0d3f\" href=\"https:\/\/www.linkedin.com\/in\/ahmet-kaplan-a7062a202\/\" target=\"_blank\">\n\t\t\t\t\t\t<span class=\"elementor-screen-only\">Linkedin<\/span>\n\t\t\t\t\t\t<svg aria-hidden=\"true\" class=\"e-font-icon-svg e-fab-linkedin\" viewBox=\"0 0 448 512\" xmlns=\"http:\/\/www.w3.org\/2000\/svg\"><path d=\"M416 32H31.9C14.3 32 0 46.5 0 64.3v383.4C0 465.5 14.3 480 31.9 480H416c17.6 0 32-14.5 32-32.3V64.3c0-17.8-14.4-32.3-32-32.3zM135.4 416H69V202.2h66.5V416zm-33.2-243c-21.3 0-38.5-17.3-38.5-38.5S80.9 96 102.2 96c21.2 0 38.5 17.3 38.5 38.5 0 21.3-17.2 38.5-38.5 38.5zm282.1 243h-66.4V312c0-24.8-.5-56.7-34.5-56.7-34.6 0-39.9 27-39.9 54.9V416h-66.4V202.2h63.7v29.2h.9c8.9-16.8 30.6-34.5 62.9-34.5 67.2 0 79.7 44.3 79.7 101.9V416z\"><\/path><\/svg>\t\t\t\t\t<\/a>\n\t\t\t\t<\/span>\n\t\t\t\t\t<\/div>\n\t\t\t\t\t\t<\/div>\n\t\t\t\t<\/div>\n\t\t\t\t<div class=\"elementor-element elementor-element-9fc6765 elementor-widget elementor-widget-text-editor\" data-id=\"9fc6765\" data-element_type=\"widget\" data-e-type=\"widget\" data-widget_type=\"text-editor.default\">\n\t\t\t\t<div class=\"elementor-widget-container\">\n\t\t\t\t\t\t\t\t\t<p><strong>Usd Hesap<\/strong><br \/>T\u00fcrkiye \u0130\u015f Bankas\u0131<br \/>TR91 0006 4000 0021 1900 8427 64<\/p><p><strong>Euro Hesap<\/strong><br \/>T\u00fcrkiye \u0130\u015f Bankas\u0131<br \/>TR74 0006 4000 0021 1900\u00a08427\u00a079<\/p><p><strong>TL Hesap<\/strong><br \/>T\u00fcrkiye \u0130\u015f Bankas\u0131<br \/>TR85 0006 4000 0011 1901\u00a02181\u00a070<\/p>\t\t\t\t\t\t\t\t<\/div>\n\t\t\t\t<\/div>\n\t\t\t\t<\/div>\n\t\t<div class=\"elementor-element elementor-element-60b25f0 e-con-full e-flex e-con e-child\" data-id=\"60b25f0\" data-element_type=\"container\" data-e-type=\"container\" data-settings=\"{&quot;background_background&quot;:&quot;classic&quot;}\">\n\t\t\t\t<div class=\"elementor-element elementor-element-a811845 elementor-widget elementor-widget-heading\" data-id=\"a811845\" data-element_type=\"widget\" data-e-type=\"widget\" data-widget_type=\"heading.default\">\n\t\t\t\t<div class=\"elementor-widget-container\">\n\t\t\t\t\t<h4 class=\"elementor-heading-title elementor-size-default\">Get Free Consultation<\/h4>\t\t\t\t<\/div>\n\t\t\t\t<\/div>\n\t\t\t\t<div class=\"elementor-element elementor-element-837f989 elementor-widget elementor-widget-html\" data-id=\"837f989\" data-element_type=\"widget\" data-e-type=\"widget\" data-widget_type=\"html.default\">\n\t\t\t\t<div class=\"elementor-widget-container\">\n\t\t\t\t\t<script data-b24-form=\"inline\/254\/artonl\" data-skip-moving=\"true\">(function(w,d,u){var s=d.createElement('script');s.async=true;s.src=u+'?'+(Date.now()\/180000|0);var h=d.getElementsByTagName('script')[0];h.parentNode.insertBefore(s,h);})(window,document,'https:\/\/cdn.bitrix24.com.tr\/b30578771\/crm\/form\/loader_254.js');<\/script>\r\n\t\t\t\t<\/div>\n\t\t\t\t<\/div>\n\t\t\t\t<\/div>\n\t\t\t\t<\/div>\n\t\t\t\t\t<\/div>\n\t\t\t\t<\/div>\n\t\t<div class=\"elementor-element elementor-element-07ac00e e-con-full e-flex e-con e-parent\" data-id=\"07ac00e\" data-element_type=\"container\" data-e-type=\"container\">\n\t\t\t\t<div class=\"elementor-element elementor-element-a322edd elementor-widget elementor-widget-google_maps\" data-id=\"a322edd\" data-element_type=\"widget\" data-e-type=\"widget\" data-widget_type=\"google_maps.default\">\n\t\t\t\t<div class=\"elementor-widget-container\">\n\t\t\t\t\t\t\t<div class=\"elementor-custom-embed\">\n\t\t\t<iframe loading=\"lazy\"\n\t\t\t\t\tsrc=\"https:\/\/maps.google.com\/maps?q=Dr.%20Ahmet%20Kaplan&#038;t=m&#038;z=12&#038;output=embed&#038;iwloc=near\"\n\t\t\t\t\ttitle=\"Dr. Ahmet Kaplan\"\n\t\t\t\t\taria-label=\"Dr. Ahmet Kaplan\"\n\t\t\t><\/iframe>\n\t\t<\/div>\n\t\t\t\t\t\t<\/div>\n\t\t\t\t<\/div>\n\t\t\t\t<\/div>\n\t\t\t\t<\/div>\n\t\t","protected":false},"excerpt":{"rendered":"<p>Bize Ula\u015f\u0131n Nivo Atak\u00f6y B blok No:11 \/ Istanbul, Turkey contact@drahmetkaplan.com\/tr +90 543 207 64 72 Instagram Facebook Youtube Linkedin Usd HesapT\u00fcrkiye \u0130\u015f Bankas\u0131TR91 0006 4000 0021 1900 8427 64 Euro HesapT\u00fcrkiye \u0130\u015f Bankas\u0131TR74 0006 4000 0021 1900\u00a08427\u00a079 TL HesapT\u00fcrkiye \u0130\u015f Bankas\u0131TR85 0006 4000 0011 1901\u00a02181\u00a070 Get Free Consultation<\/p>\n","protected":false},"author":1,"featured_media":0,"parent":0,"menu_order":0,"comment_status":"closed","ping_status":"closed","template":"","meta":{"footnotes":""},"class_list":["post-144","page","type-page","status-publish","hentry"],"yoast_head":"<!-- This site is optimized with the Yoast SEO plugin v27.6 - https:\/\/yoast.com\/product\/yoast-seo-wordpress\/ -->\n<title>\u0130leti\u015fim - Dr. Ahmet Kaplan<\/title>\n<meta name=\"robots\" content=\"index, follow, max-snippet:-1, max-image-preview:large, max-video-preview:-1\" \/>\n<link rel=\"canonical\" href=\"https:\/\/drahmetkaplan.com\/tr\/iletisim\/\" \/>\n<meta property=\"og:locale\" content=\"tr_TR\" \/>\n<meta property=\"og:type\" content=\"article\" \/>\n<meta property=\"og:title\" content=\"\u0130leti\u015fim - Dr. Ahmet Kaplan\" \/>\n<meta property=\"og:description\" content=\"Bize Ula\u015f\u0131n Nivo Atak\u00f6y B blok No:11 \/ Istanbul, Turkey contact@drahmetkaplan.com\/tr +90 543 207 64 72 Instagram Facebook Youtube Linkedin Usd HesapT\u00fcrkiye \u0130\u015f Bankas\u0131TR91 0006 4000 0021 1900 8427 64 Euro HesapT\u00fcrkiye \u0130\u015f Bankas\u0131TR74 0006 4000 0021 1900\u00a08427\u00a079 TL HesapT\u00fcrkiye \u0130\u015f Bankas\u0131TR85 0006 4000 0011 1901\u00a02181\u00a070 Get Free Consultation\" \/>\n<meta property=\"og:url\" content=\"https:\/\/drahmetkaplan.com\/tr\/iletisim\/\" \/>\n<meta property=\"og:site_name\" content=\"Dr. Ahmet Kaplan\" \/>\n<meta property=\"article:modified_time\" content=\"2025-07-23T10:25:23+00:00\" \/>\n<meta property=\"og:image\" content=\"https:\/\/drahmetkaplan.com\/tr\/wp-content\/uploads\/2024\/09\/hero-home-scaled.webp\" \/>\n\t<meta property=\"og:image:width\" content=\"2560\" \/>\n\t<meta property=\"og:image:height\" content=\"1422\" \/>\n\t<meta property=\"og:image:type\" content=\"image\/webp\" \/>\n<meta name=\"twitter:card\" content=\"summary_large_image\" \/>\n<meta name=\"twitter:label1\" content=\"Tahmini okuma s\u00fcresi\" \/>\n\t<meta name=\"twitter:data1\" content=\"1 dakika\" \/>\n<script type=\"application\/ld+json\" class=\"yoast-schema-graph\">{\"@context\":\"https:\\\/\\\/schema.org\",\"@graph\":[{\"@type\":\"WebPage\",\"@id\":\"https:\\\/\\\/drahmetkaplan.com\\\/tr\\\/iletisim\\\/\",\"url\":\"https:\\\/\\\/drahmetkaplan.com\\\/tr\\\/iletisim\\\/\",\"name\":\"\u0130leti\u015fim - Dr. Ahmet Kaplan\",\"isPartOf\":{\"@id\":\"https:\\\/\\\/drahmetkaplan.com\\\/tr\\\/#website\"},\"datePublished\":\"2024-09-17T21:46:22+00:00\",\"dateModified\":\"2025-07-23T10:25:23+00:00\",\"breadcrumb\":{\"@id\":\"https:\\\/\\\/drahmetkaplan.com\\\/tr\\\/iletisim\\\/#breadcrumb\"},\"inLanguage\":\"tr\",\"potentialAction\":[{\"@type\":\"ReadAction\",\"target\":[\"https:\\\/\\\/drahmetkaplan.com\\\/tr\\\/iletisim\\\/\"]}]},{\"@type\":\"BreadcrumbList\",\"@id\":\"https:\\\/\\\/drahmetkaplan.com\\\/tr\\\/iletisim\\\/#breadcrumb\",\"itemListElement\":[{\"@type\":\"ListItem\",\"position\":1,\"name\":\"Anasayfa\",\"item\":\"https:\\\/\\\/drahmetkaplan.com\\\/tr\\\/\"},{\"@type\":\"ListItem\",\"position\":2,\"name\":\"\u0130leti\u015fim\"}]},{\"@type\":\"WebSite\",\"@id\":\"https:\\\/\\\/drahmetkaplan.com\\\/tr\\\/#website\",\"url\":\"https:\\\/\\\/drahmetkaplan.com\\\/tr\\\/\",\"name\":\"Op. Dr. Ahmet Kaplan - Plastik, Rekonstr\u00fcktif ve Estetik Cerrahi\",\"description\":\"Plastik, Rekonstr\u00fcktif ve Estetik Cerrahi\",\"publisher\":{\"@id\":\"https:\\\/\\\/drahmetkaplan.com\\\/tr\\\/#\\\/schema\\\/person\\\/aa068fb9b848986175819f98093f787d\"},\"potentialAction\":[{\"@type\":\"SearchAction\",\"target\":{\"@type\":\"EntryPoint\",\"urlTemplate\":\"https:\\\/\\\/drahmetkaplan.com\\\/tr\\\/?s={search_term_string}\"},\"query-input\":{\"@type\":\"PropertyValueSpecification\",\"valueRequired\":true,\"valueName\":\"search_term_string\"}}],\"inLanguage\":\"tr\"},{\"@type\":[\"Person\",\"Organization\"],\"@id\":\"https:\\\/\\\/drahmetkaplan.com\\\/tr\\\/#\\\/schema\\\/person\\\/aa068fb9b848986175819f98093f787d\",\"name\":\"Dr. Ahmet Kaplan\",\"image\":{\"@type\":\"ImageObject\",\"inLanguage\":\"tr\",\"@id\":\"https:\\\/\\\/drahmetkaplan.com\\\/tr\\\/wp-content\\\/uploads\\\/2024\\\/11\\\/channels4_profile.jpg\",\"url\":\"https:\\\/\\\/drahmetkaplan.com\\\/tr\\\/wp-content\\\/uploads\\\/2024\\\/11\\\/channels4_profile.jpg\",\"contentUrl\":\"https:\\\/\\\/drahmetkaplan.com\\\/tr\\\/wp-content\\\/uploads\\\/2024\\\/11\\\/channels4_profile.jpg\",\"width\":600,\"height\":600,\"caption\":\"Dr. Ahmet Kaplan\"},\"logo\":{\"@id\":\"https:\\\/\\\/drahmetkaplan.com\\\/tr\\\/wp-content\\\/uploads\\\/2024\\\/11\\\/channels4_profile.jpg\"},\"description\":\"Attainment of his Plastic Surgery Specialist Title in 2020. In 2022, he achieved a significant milestone by passing the final stage of the European Board of Plastic, Reconstructive, and Aesthetic Surgery exam, earning him the esteemed title of EBOPRAS. Currently based in Istanbul, Dr. Kaplan leverages his extensive knowledge and hands-on experience to provide exceptional care to his patients. His approach is characterized by a deep understanding of individual preferences and a commitment to ensuring patients feel at ease throughout their treatment journey. History Dr. Ahmet Kaplan is a dedicated Plastic Surgeon Specialist known for his expertise in cosmetic procedures, particularly in facial and body aesthetics. His passion for this field led him to pursue higher education at Ankara Science High School, where he graduated in 2008. He furthered his academic journey at Hacettepe University Faculty of Medicine, earning his degree in 2014.\",\"sameAs\":[\"https:\\\/\\\/www.drahmetkaplan.com\\\/tr\\\/\"]}]}<\/script>\n<!-- \/ Yoast SEO plugin. -->","yoast_head_json":{"title":"\u0130leti\u015fim - Dr. Ahmet Kaplan","robots":{"index":"index","follow":"follow","max-snippet":"max-snippet:-1","max-image-preview":"max-image-preview:large","max-video-preview":"max-video-preview:-1"},"canonical":"https:\/\/drahmetkaplan.com\/tr\/iletisim\/","og_locale":"tr_TR","og_type":"article","og_title":"\u0130leti\u015fim - Dr. Ahmet Kaplan","og_description":"Bize Ula\u015f\u0131n Nivo Atak\u00f6y B blok No:11 \/ Istanbul, Turkey contact@drahmetkaplan.com\/tr +90 543 207 64 72 Instagram Facebook Youtube Linkedin Usd HesapT\u00fcrkiye \u0130\u015f Bankas\u0131TR91 0006 4000 0021 1900 8427 64 Euro HesapT\u00fcrkiye \u0130\u015f Bankas\u0131TR74 0006 4000 0021 1900\u00a08427\u00a079 TL HesapT\u00fcrkiye \u0130\u015f Bankas\u0131TR85 0006 4000 0011 1901\u00a02181\u00a070 Get Free Consultation","og_url":"https:\/\/drahmetkaplan.com\/tr\/iletisim\/","og_site_name":"Dr. Ahmet Kaplan","article_modified_time":"2025-07-23T10:25:23+00:00","og_image":[{"width":2560,"height":1422,"url":"https:\/\/drahmetkaplan.com\/tr\/wp-content\/uploads\/2024\/09\/hero-home-scaled.webp","type":"image\/webp"}],"twitter_card":"summary_large_image","twitter_misc":{"Tahmini okuma s\u00fcresi":"1 dakika"},"schema":{"@context":"https:\/\/schema.org","@graph":[{"@type":"WebPage","@id":"https:\/\/drahmetkaplan.com\/tr\/iletisim\/","url":"https:\/\/drahmetkaplan.com\/tr\/iletisim\/","name":"\u0130leti\u015fim - Dr. Ahmet Kaplan","isPartOf":{"@id":"https:\/\/drahmetkaplan.com\/tr\/#website"},"datePublished":"2024-09-17T21:46:22+00:00","dateModified":"2025-07-23T10:25:23+00:00","breadcrumb":{"@id":"https:\/\/drahmetkaplan.com\/tr\/iletisim\/#breadcrumb"},"inLanguage":"tr","potentialAction":[{"@type":"ReadAction","target":["https:\/\/drahmetkaplan.com\/tr\/iletisim\/"]}]},{"@type":"BreadcrumbList","@id":"https:\/\/drahmetkaplan.com\/tr\/iletisim\/#breadcrumb","itemListElement":[{"@type":"ListItem","position":1,"name":"Anasayfa","item":"https:\/\/drahmetkaplan.com\/tr\/"},{"@type":"ListItem","position":2,"name":"\u0130leti\u015fim"}]},{"@type":"WebSite","@id":"https:\/\/drahmetkaplan.com\/tr\/#website","url":"https:\/\/drahmetkaplan.com\/tr\/","name":"Op. Dr. Ahmet Kaplan - Plastik, Rekonstr\u00fcktif ve Estetik Cerrahi","description":"Plastik, Rekonstr\u00fcktif ve Estetik Cerrahi","publisher":{"@id":"https:\/\/drahmetkaplan.com\/tr\/#\/schema\/person\/aa068fb9b848986175819f98093f787d"},"potentialAction":[{"@type":"SearchAction","target":{"@type":"EntryPoint","urlTemplate":"https:\/\/drahmetkaplan.com\/tr\/?s={search_term_string}"},"query-input":{"@type":"PropertyValueSpecification","valueRequired":true,"valueName":"search_term_string"}}],"inLanguage":"tr"},{"@type":["Person","Organization"],"@id":"https:\/\/drahmetkaplan.com\/tr\/#\/schema\/person\/aa068fb9b848986175819f98093f787d","name":"Dr. Ahmet Kaplan","image":{"@type":"ImageObject","inLanguage":"tr","@id":"https:\/\/drahmetkaplan.com\/tr\/wp-content\/uploads\/2024\/11\/channels4_profile.jpg","url":"https:\/\/drahmetkaplan.com\/tr\/wp-content\/uploads\/2024\/11\/channels4_profile.jpg","contentUrl":"https:\/\/drahmetkaplan.com\/tr\/wp-content\/uploads\/2024\/11\/channels4_profile.jpg","width":600,"height":600,"caption":"Dr. Ahmet Kaplan"},"logo":{"@id":"https:\/\/drahmetkaplan.com\/tr\/wp-content\/uploads\/2024\/11\/channels4_profile.jpg"},"description":"Attainment of his Plastic Surgery Specialist Title in 2020. In 2022, he achieved a significant milestone by passing the final stage of the European Board of Plastic, Reconstructive, and Aesthetic Surgery exam, earning him the esteemed title of EBOPRAS. Currently based in Istanbul, Dr. Kaplan leverages his extensive knowledge and hands-on experience to provide exceptional care to his patients. His approach is characterized by a deep understanding of individual preferences and a commitment to ensuring patients feel at ease throughout their treatment journey. History Dr. Ahmet Kaplan is a dedicated Plastic Surgeon Specialist known for his expertise in cosmetic procedures, particularly in facial and body aesthetics. His passion for this field led him to pursue higher education at Ankara Science High School, where he graduated in 2008. He furthered his academic journey at Hacettepe University Faculty of Medicine, earning his degree in 2014.","sameAs":["https:\/\/www.drahmetkaplan.com\/tr\/"]}]}},"_links":{"self":[{"href":"https:\/\/drahmetkaplan.com\/tr\/wp-json\/wp\/v2\/pages\/144","targetHints":{"allow":["GET"]}}],"collection":[{"href":"https:\/\/drahmetkaplan.com\/tr\/wp-json\/wp\/v2\/pages"}],"about":[{"href":"https:\/\/drahmetkaplan.com\/tr\/wp-json\/wp\/v2\/types\/page"}],"author":[{"embeddable":true,"href":"https:\/\/drahmetkaplan.com\/tr\/wp-json\/wp\/v2\/users\/1"}],"replies":[{"embeddable":true,"href":"https:\/\/drahmetkaplan.com\/tr\/wp-json\/wp\/v2\/comments?post=144"}],"version-history":[{"count":32,"href":"https:\/\/drahmetkaplan.com\/tr\/wp-json\/wp\/v2\/pages\/144\/revisions"}],"predecessor-version":[{"id":1034,"href":"https:\/\/drahmetkaplan.com\/tr\/wp-json\/wp\/v2\/pages\/144\/revisions\/1034"}],"wp:attachment":[{"href":"https:\/\/drahmetkaplan.com\/tr\/wp-json\/wp\/v2\/media?parent=144"}],"curies":[{"name":"wp","href":"https:\/\/api.w.org\/{rel}","templated":true}]}}